{"id":45094,"date":"2025-11-04T07:22:36","date_gmt":"2025-11-04T07:22:36","guid":{"rendered":"https:\/\/dev.aertecsolutions.com\/?post_type=product&#038;p=45094"},"modified":"2025-11-04T07:22:36","modified_gmt":"2025-11-04T07:22:36","slug":"codigo-de-acceso-para-curso-basico-de-concienciacion-en-seguridad-aeroportuaria","status":"publish","type":"product","link":"https:\/\/formacion.aertecsolutions.com\/en\/product\/codigo-de-acceso-para-curso-basico-de-concienciacion-en-seguridad-aeroportuaria\/","title":{"rendered":"C\u00f3digo de acceso para Curso B\u00e1sico de Concienciaci\u00f3n en Seguridad Aeroportuaria"},"content":{"rendered":"","protected":false},"excerpt":{"rendered":"","protected":false},"featured_media":0,"comment_status":"closed","ping_status":"closed","template":"","meta":[],"product_brand":[],"product_cat":[15],"product_tag":[],"class_list":{"0":"post-45094","1":"product","2":"type-product","3":"status-publish","5":"product_cat-uncategorized","7":"first","8":"instock","9":"virtual","10":"taxable","11":"purchasable","12":"product-type-simple"},"_links":{"self":[{"href":"https:\/\/formacion.aertecsolutions.com\/en\/wp-json\/wp\/v2\/product\/45094","targetHints":{"allow":["GET"]}}],"collection":[{"href":"https:\/\/formacion.aertecsolutions.com\/en\/wp-json\/wp\/v2\/product"}],"about":[{"href":"https:\/\/formacion.aertecsolutions.com\/en\/wp-json\/wp\/v2\/types\/product"}],"replies":[{"embeddable":true,"href":"https:\/\/formacion.aertecsolutions.com\/en\/wp-json\/wp\/v2\/comments?post=45094"}],"version-history":[{"count":2,"href":"https:\/\/formacion.aertecsolutions.com\/en\/wp-json\/wp\/v2\/product\/45094\/revisions"}],"predecessor-version":[{"id":45112,"href":"https:\/\/formacion.aertecsolutions.com\/en\/wp-json\/wp\/v2\/product\/45094\/revisions\/45112"}],"wp:attachment":[{"href":"https:\/\/formacion.aertecsolutions.com\/en\/wp-json\/wp\/v2\/media?parent=45094"}],"wp:term":[{"taxonomy":"product_brand","embeddable":true,"href":"https:\/\/formacion.aertecsolutions.com\/en\/wp-json\/wp\/v2\/product_brand?post=45094"},{"taxonomy":"product_cat","embeddable":true,"href":"https:\/\/formacion.aertecsolutions.com\/en\/wp-json\/wp\/v2\/product_cat?post=45094"},{"taxonomy":"product_tag","embeddable":true,"href":"https:\/\/formacion.aertecsolutions.com\/en\/wp-json\/wp\/v2\/product_tag?post=45094"}],"curies":[{"name":"wp","href":"https:\/\/api.w.org\/{rel}","templated":true}]}}