{"id":1281,"date":"2025-02-20T07:34:24","date_gmt":"2025-02-20T07:34:24","guid":{"rendered":"https:\/\/dev.aertecsolutions.com\/?post_type=product&#038;p=1281"},"modified":"2026-02-12T10:48:07","modified_gmt":"2026-02-12T10:48:07","slug":"familiarizacion-peatonal","status":"publish","type":"product","link":"https:\/\/formacion.aertecsolutions.com\/en\/product\/familiarizacion-peatonal\/","title":{"rendered":"Familiarizaci\u00f3n Peatonal"},"content":{"rendered":"<div data-elementor-type=\"product-post\" data-elementor-id=\"1281\" class=\"elementor elementor-1281\" data-elementor-post-type=\"product\">\n\t\t\t\t<div class=\"elementor-element elementor-element-b2c7cac e-flex e-con-boxed e-con e-parent\" data-id=\"b2c7cac\" data-element_type=\"container\" data-e-type=\"container\">\n\t\t\t\t\t<div class=\"e-con-inner\">\n\t\t<div class=\"elementor-element elementor-element-3a8d4ae e-con-full e-flex elementor-invisible e-con e-child\" data-id=\"3a8d4ae\" data-element_type=\"container\" data-e-type=\"container\" data-settings=\"{&quot;animation&quot;:&quot;fadeIn&quot;}\">\n\t\t\t\t<div class=\"elementor-element elementor-element-8fd40ac elementor-view-default elementor-widget elementor-widget-icon\" data-id=\"8fd40ac\" data-element_type=\"widget\" data-e-type=\"widget\" data-widget_type=\"icon.default\">\n\t\t\t\t\t\t\t<div class=\"elementor-icon-wrapper\">\n\t\t\t<a class=\"elementor-icon\" href=\"\/en\/cursos\/\">\n\t\t\t<svg xmlns=\"http:\/\/www.w3.org\/2000\/svg\" width=\"48\" height=\"48\" viewbox=\"0 0 48 48\" fill=\"none\"><rect width=\"48\" height=\"48\" rx=\"24\" fill=\"#E5F1F8\"><\/rect><path d=\"M28.0713 31.0715C27.6808 31.4619 27.0478 31.4617 26.6572 31.0715L20.2929 24.7073C19.9024 24.3167 19.9024 23.6837 20.2929 23.2932L26.6572 16.9289C27.0478 16.5387 27.6808 16.5385 28.0713 16.9289C28.4617 17.3194 28.4615 17.9524 28.0713 18.343L22.4961 23.9182C22.4983 23.9453 22.5 23.9726 22.5 24.0002C22.5 24.0279 22.4983 24.0552 22.4961 24.0823L28.0713 29.6575C28.4615 30.048 28.4617 30.6811 28.0713 31.0715Z\" fill=\"#005E80\"><\/path><\/svg>\t\t\t<\/a>\n\t\t<\/div>\n\t\t\t\t\t\t<\/div>\n\t\t\t\t<div class=\"elementor-element elementor-element-935ce8f elementor-widget__width-initial elementor-widget elementor-widget-heading\" data-id=\"935ce8f\" data-element_type=\"widget\" data-e-type=\"widget\" data-widget_type=\"heading.default\">\n\t\t\t\t\t<h1 class=\"elementor-heading-title elementor-size-default\">Familiarizaci\u00f3n Peatonal<\/h1>\t\t\t\t<\/div>\n\t\t\t\t<div class=\"elementor-element elementor-element-d57f2d2 elementor-widget elementor-widget-text-editor\" data-id=\"d57f2d2\" data-element_type=\"widget\" data-e-type=\"widget\" data-widget_type=\"text-editor.default\">\n\t\t\t\t\t\t\t\t\t<p>En el entorno aeroportuario, moverse a pie por la plataforma requiere conocimiento preciso y formaci\u00f3n espec\u00edfica. Nuestra Familiarizaci\u00f3n Peatonal te prepara para actuar con seguridad y cumplir con los protocolos AVSAF desde el primer d\u00eda. <br \/><br \/>Esta formaci\u00f3n presencial se imparte en los aeropuertos de Madrid (MAD), Barcelona (BCN), Palma de Mallorca (PMI), Alicante (ALC), M\u00e1laga (AGP) y Valencia (VLC) con instructores certificados.<\/p>\t\t\t\t\t\t\t\t<\/div>\n\t\t\t\t<div class=\"elementor-element elementor-element-19608eb elementor-widget elementor-widget-button\" data-id=\"19608eb\" data-element_type=\"widget\" data-e-type=\"widget\" data-widget_type=\"button.default\">\n\t\t\t\t\t\t\t\t\t\t<a class=\"elementor-button elementor-button-link elementor-size-sm\" href=\"#elementor-action%3Aaction%3Dpopup%3Aopen%26settings%3DeyJpZCI6Ijc3NDAyIiwidG9nZ2xlIjpmYWxzZX0%3D\">\n\t\t\t\t\t\t<span class=\"elementor-button-content-wrapper\">\n\t\t\t\t\t\t\t\t\t<span class=\"elementor-button-text\">Recibe tu plan de formaci\u00f3n<\/span>\n\t\t\t\t\t<\/span>\n\t\t\t\t\t<\/a>\n\t\t\t\t\t\t\t\t<\/div>\n\t\t\t\t<\/div>\n\t\t<div class=\"elementor-element elementor-element-d532923 e-con-full e-flex elementor-invisible e-con e-child\" data-id=\"d532923\" data-element_type=\"container\" data-e-type=\"container\" data-settings=\"{&quot;background_background&quot;:&quot;classic&quot;,&quot;animation&quot;:&quot;fadeIn&quot;}\">\n\t\t\t\t<\/div>\n\t\t\t\t\t<\/div>\n\t\t\t\t<\/div>\n\t\t<div class=\"elementor-element elementor-element-0e419b3 e-flex e-con-boxed e-con e-parent\" data-id=\"0e419b3\" data-element_type=\"container\" data-e-type=\"container\" data-settings=\"{&quot;background_background&quot;:&quot;classic&quot;}\">\n\t\t\t\t\t<div class=\"e-con-inner\">\n\t\t\t\t<div class=\"elementor-element elementor-element-638fee5 elementor-invisible elementor-widget elementor-widget-heading\" data-id=\"638fee5\" data-element_type=\"widget\" data-e-type=\"widget\" data-settings=\"{&quot;_animation&quot;:&quot;fadeIn&quot;}\" data-widget_type=\"heading.default\">\n\t\t\t\t\t<h2 class=\"elementor-heading-title elementor-size-default\">Informaci\u00f3n del Curso<\/h2>\t\t\t\t<\/div>\n\t\t<div class=\"elementor-element elementor-element-f298cb3 e-grid e-con-full elementor-invisible e-con e-child\" data-id=\"f298cb3\" data-element_type=\"container\" data-e-type=\"container\" data-settings=\"{&quot;animation&quot;:&quot;fadeIn&quot;}\">\n\t\t<div class=\"elementor-element elementor-element-7282a9c e-con-full e-flex e-con e-child\" data-id=\"7282a9c\" data-element_type=\"container\" data-e-type=\"container\">\n\t\t\t\t<div class=\"elementor-element elementor-element-3757416 elementor-view-default elementor-widget elementor-widget-icon\" data-id=\"3757416\" data-element_type=\"widget\" data-e-type=\"widget\" data-widget_type=\"icon.default\">\n\t\t\t\t\t\t\t<div class=\"elementor-icon-wrapper\">\n\t\t\t<div class=\"elementor-icon\">\n\t\t\t<svg xmlns=\"http:\/\/www.w3.org\/2000\/svg\" width=\"96\" height=\"96\" viewbox=\"0 0 96 96\" fill=\"none\"><path d=\"M0 3.15337V63.189H96V3.15337H0ZM32.7774 52.716H27.1524V47.091H32.7774V52.716ZM44.8009 52.716H39.1759V47.091H44.8009V52.716ZM56.8241 52.716H51.1991V47.091H56.8241V52.716ZM68.8476 52.716H63.2226V47.091H68.8476V52.716ZM71.1369 34.0018H65.5119V25.428H57.4958V33.8963H51.8708V25.428H43.7507C43.0695 30.0356 39.0894 33.5835 34.2953 33.5835C29.0241 33.5835 24.7357 29.2952 24.7357 24.0242V21.2072C24.7357 15.9362 29.0241 11.6479 34.2951 11.6479C39.0892 11.6479 43.0693 15.1956 43.7507 19.8034H71.1369V34.0018Z\" fill=\"#7CB9DB\"><\/path><path d=\"M65.0572 81.1915H30.9453L28.4338 87.222H21.4727V92.847H74.3998V87.222H67.5688L65.0572 81.1915Z\" fill=\"#7CB9DB\"><\/path><path d=\"M34.2958 17.2725C32.1263 17.2725 30.3613 19.0375 30.3613 21.2068V24.0238C30.3613 26.1932 32.1263 27.9581 34.2956 27.9581C36.465 27.9581 38.2301 26.1932 38.2301 24.0238V21.2068C38.2303 19.0375 36.4652 17.2725 34.2958 17.2725Z\" fill=\"#7CB9DB\"><\/path><path d=\"M0 68.8135H96V75.5656H0V68.8135Z\" fill=\"#7CB9DB\"><\/path><\/svg>\t\t\t<\/div>\n\t\t<\/div>\n\t\t\t\t\t\t<\/div>\n\t\t\t\t<div class=\"elementor-element elementor-element-68db565 elementor-widget-divider--view-line elementor-widget elementor-widget-divider\" data-id=\"68db565\" data-element_type=\"widget\" data-e-type=\"widget\" data-widget_type=\"divider.default\">\n\t\t\t\t\t\t\t<div class=\"elementor-divider\">\n\t\t\t<span class=\"elementor-divider-separator\">\n\t\t\t\t\t\t<\/span>\n\t\t<\/div>\n\t\t\t\t\t\t<\/div>\n\t\t\t\t<div class=\"elementor-element elementor-element-c2fb15a elementor-widget__width-initial elementor-widget elementor-widget-heading\" data-id=\"c2fb15a\" data-element_type=\"widget\" data-e-type=\"widget\" data-widget_type=\"heading.default\">\n\t\t\t\t\t<h3 class=\"elementor-heading-title elementor-size-default\">\u00bfQui\u00e9n puede acceder?<\/h3>\t\t\t\t<\/div>\n\t\t\t\t<div class=\"elementor-element elementor-element-0076384 elementor-widget elementor-widget-text-editor\" data-id=\"0076384\" data-element_type=\"widget\" data-e-type=\"widget\" data-widget_type=\"text-editor.default\">\n\t\t\t\t\t\t\t\t\t<p>T\u00e9cnicos de operaciones, supervisores, inspectores o coordinadores de handling, seguridad, mantenimiento, limpieza o servicios PMR, personal autorizado por el gestor aeroportuario (como Aena), tripulaci\u00f3n o personal t\u00e9cnico de aerol\u00edneas en tareas espec\u00edficas, Contratistas externos y personal de empresas auxiliares, personal de arrendatarios de espacios comerciales (Retail, restauraci\u00f3n, duty-free, Rent a car, Parking&#8230;)<\/p>\t\t\t\t\t\t\t\t<\/div>\n\t\t\t\t<\/div>\n\t\t<div class=\"elementor-element elementor-element-f119761 e-con-full e-flex e-con e-child\" data-id=\"f119761\" data-element_type=\"container\" data-e-type=\"container\">\n\t\t\t\t<div class=\"elementor-element elementor-element-e41a4d0 elementor-view-default elementor-widget elementor-widget-icon\" data-id=\"e41a4d0\" data-element_type=\"widget\" data-e-type=\"widget\" data-widget_type=\"icon.default\">\n\t\t\t\t\t\t\t<div class=\"elementor-icon-wrapper\">\n\t\t\t<div class=\"elementor-icon\">\n\t\t\t<svg xmlns=\"http:\/\/www.w3.org\/2000\/svg\" width=\"96\" height=\"96\" viewbox=\"0 0 96 96\" fill=\"none\"><g clip-path=\"url(#clip0_70_363)\"><path d=\"M80.1893 21.1119L89.8513 11.4498L84.5812 6.17975L74.919 15.8418V0.03125L61.8941 13.0557V28.8667L44.2121 46.5489C43.5821 46.3756 42.9193 46.2815 42.2344 46.2815C38.1182 46.2815 34.7812 49.6186 34.7812 53.7346C34.7812 57.8506 38.1182 61.1878 42.2344 61.1878C46.3506 61.1878 49.6875 57.8508 49.6875 53.7346C49.6875 53.0849 49.6041 52.4548 49.4475 51.8536L67.1644 34.1367H82.9749L95.9996 21.1119H80.1893Z\" fill=\"#7CB9DB\"><\/path><path d=\"M65.847 45.9952L57.1076 54.7345C57.1054 54.7668 57.0994 54.7951 57.0967 54.8268C56.5371 62.5488 50.0992 68.6412 42.2344 68.6412C34.0018 68.6412 27.3281 61.9674 27.3281 53.735C27.3281 45.814 33.5074 39.3391 41.3076 38.8602C41.3284 38.8587 41.3464 38.855 41.3677 38.8539L50.0683 30.1531C47.6055 29.3354 44.9719 28.8916 42.2346 28.8916C28.5139 28.8916 17.3906 40.0145 17.3906 53.7355C17.3906 67.456 28.5137 78.5795 42.2346 78.5795C55.9551 78.5795 67.0785 67.4564 67.0785 53.7355C67.0783 51.0324 66.645 48.431 65.847 45.9952Z\" fill=\"#7CB9DB\"><\/path><path d=\"M82.6937 41.59H72.168C73.6907 45.3394 74.5316 49.4384 74.5316 53.7348C74.5316 71.572 60.0718 86.0318 42.2346 86.0318C24.3973 86.0318 9.9375 71.5718 9.9375 53.7346C9.9375 35.8973 24.3973 21.4375 42.2346 21.4375C46.5544 21.4375 50.6753 22.2876 54.4414 23.8264V13.294C50.5764 12.1291 46.4792 11.5 42.2346 11.5C18.909 11.5 0 30.409 0 53.7346C0 77.0601 18.909 95.9691 42.2346 95.9691C65.5601 95.9691 84.4691 77.0601 84.4691 53.7346C84.4691 49.5126 83.8468 45.4368 82.6937 41.59Z\" fill=\"#7CB9DB\"><\/path><\/g><defs><clippath id=\"clip0_70_363\"><rect width=\"96\" height=\"96\" fill=\"white\"><\/rect><\/clippath><\/defs><\/svg>\t\t\t<\/div>\n\t\t<\/div>\n\t\t\t\t\t\t<\/div>\n\t\t\t\t<div class=\"elementor-element elementor-element-e0cd07e elementor-widget-divider--view-line elementor-widget elementor-widget-divider\" data-id=\"e0cd07e\" data-element_type=\"widget\" data-e-type=\"widget\" data-widget_type=\"divider.default\">\n\t\t\t\t\t\t\t<div class=\"elementor-divider\">\n\t\t\t<span class=\"elementor-divider-separator\">\n\t\t\t\t\t\t<\/span>\n\t\t<\/div>\n\t\t\t\t\t\t<\/div>\n\t\t\t\t<div class=\"elementor-element elementor-element-54109d7 elementor-widget__width-initial elementor-widget elementor-widget-heading\" data-id=\"54109d7\" data-element_type=\"widget\" data-e-type=\"widget\" data-widget_type=\"heading.default\">\n\t\t\t\t\t<h3 class=\"elementor-heading-title elementor-size-default\">Objetivo de la formaci\u00f3n<\/h3>\t\t\t\t<\/div>\n\t\t\t\t<div class=\"elementor-element elementor-element-4e3d764 elementor-widget elementor-widget-text-editor\" data-id=\"4e3d764\" data-element_type=\"widget\" data-e-type=\"widget\" data-widget_type=\"text-editor.default\">\n\t\t\t\t\t\t\t\t\t<p>Conocer al detalle la plataforma, sus l\u00edmites operativos y la normativa interna mediante una prueba pr\u00e1ctica supervisada.<\/p>\t\t\t\t\t\t\t\t<\/div>\n\t\t\t\t<\/div>\n\t\t\t\t<\/div>\n\t\t\t\t<div class=\"elementor-element elementor-element-a32749b elementor-align-center elementor-invisible elementor-widget elementor-widget-button\" data-id=\"a32749b\" data-element_type=\"widget\" data-e-type=\"widget\" data-settings=\"{&quot;_animation&quot;:&quot;fadeIn&quot;}\" data-widget_type=\"button.default\">\n\t\t\t\t\t\t\t\t\t\t<a class=\"elementor-button elementor-button-link elementor-size-sm\" href=\"\/en\/contacto\/\">\n\t\t\t\t\t\t<span class=\"elementor-button-content-wrapper\">\n\t\t\t\t\t\t\t\t\t<span class=\"elementor-button-text\">Solicita tu presupuesto<\/span>\n\t\t\t\t\t<\/span>\n\t\t\t\t\t<\/a>\n\t\t\t\t\t\t\t\t<\/div>\n\t\t\t\t\t<\/div>\n\t\t\t\t<\/div>\n\t\t<div class=\"elementor-element elementor-element-0dc53f6 e-flex e-con-boxed e-con e-parent\" data-id=\"0dc53f6\" data-element_type=\"container\" data-e-type=\"container\" data-settings=\"{&quot;background_background&quot;:&quot;classic&quot;}\">\n\t\t\t\t\t<div class=\"e-con-inner\">\n\t\t<div class=\"elementor-element elementor-element-271a086 e-con-full e-flex elementor-invisible e-con e-child\" data-id=\"271a086\" data-element_type=\"container\" data-e-type=\"container\" data-settings=\"{&quot;animation&quot;:&quot;fadeIn&quot;}\">\n\t\t\t\t<div class=\"elementor-element elementor-element-3f71e42 elementor-widget__width-initial elementor-widget elementor-widget-heading\" data-id=\"3f71e42\" data-element_type=\"widget\" data-e-type=\"widget\" data-widget_type=\"heading.default\">\n\t\t\t\t\t<h3 class=\"elementor-heading-title elementor-size-default\">\u00bfQu\u00e9 incluye la formaci\u00f3n?<\/h3>\t\t\t\t<\/div>\n\t\t\t\t<div class=\"elementor-element elementor-element-2683087 elementor-icon-list--layout-traditional elementor-list-item-link-full_width elementor-widget elementor-widget-icon-list\" data-id=\"2683087\" data-element_type=\"widget\" data-e-type=\"widget\" data-widget_type=\"icon-list.default\">\n\t\t\t\t\t\t\t<ul class=\"elementor-icon-list-items\">\n\t\t\t\t\t\t\t<li class=\"elementor-icon-list-item\">\n\t\t\t\t\t\t\t\t\t\t\t<span class=\"elementor-icon-list-icon\">\n\t\t\t\t\t\t\t<svg xmlns=\"http:\/\/www.w3.org\/2000\/svg\" width=\"22\" height=\"23\" viewbox=\"0 0 22 23\" fill=\"none\"><g clip-path=\"url(#clip0_417_2948)\"><path d=\"M2.7444 0.95278L0 3.69718L7.49503 11.1922L0 18.6872L2.7444 21.4316L12.9839 11.1922L2.7444 0.95278Z\" fill=\"#7CB9DB\"><\/path><path d=\"M11.7606 0.95278L9.01617 3.69718L16.5112 11.1922L9.01617 18.6872L11.7606 21.4316L22 11.1922L11.7606 0.95278Z\" fill=\"#7CB9DB\"><\/path><\/g><defs><clippath id=\"clip0_417_2948\"><rect width=\"22\" height=\"22\" fill=\"white\" transform=\"matrix(1 0 0 -1 0 22.1914)\"><\/rect><\/clippath><\/defs><\/svg>\t\t\t\t\t\t<\/span>\n\t\t\t\t\t\t\t\t\t\t<span class=\"elementor-icon-list-text\">Recorrido guiado in situ por un instructor acreditado.<\/span>\n\t\t\t\t\t\t\t\t\t<\/li>\n\t\t\t\t\t\t\t\t<li class=\"elementor-icon-list-item\">\n\t\t\t\t\t\t\t\t\t\t\t<span class=\"elementor-icon-list-icon\">\n\t\t\t\t\t\t\t<svg xmlns=\"http:\/\/www.w3.org\/2000\/svg\" width=\"22\" height=\"23\" viewbox=\"0 0 22 23\" fill=\"none\"><g clip-path=\"url(#clip0_417_2948)\"><path d=\"M2.7444 0.95278L0 3.69718L7.49503 11.1922L0 18.6872L2.7444 21.4316L12.9839 11.1922L2.7444 0.95278Z\" fill=\"#7CB9DB\"><\/path><path d=\"M11.7606 0.95278L9.01617 3.69718L16.5112 11.1922L9.01617 18.6872L11.7606 21.4316L22 11.1922L11.7606 0.95278Z\" fill=\"#7CB9DB\"><\/path><\/g><defs><clippath id=\"clip0_417_2948\"><rect width=\"22\" height=\"22\" fill=\"white\" transform=\"matrix(1 0 0 -1 0 22.1914)\"><\/rect><\/clippath><\/defs><\/svg>\t\t\t\t\t\t<\/span>\n\t\t\t\t\t\t\t\t\t\t<span class=\"elementor-icon-list-text\">Entrega y explicaci\u00f3n de fichas de familiarizaci\u00f3n.<\/span>\n\t\t\t\t\t\t\t\t\t<\/li>\n\t\t\t\t\t\t\t\t<li class=\"elementor-icon-list-item\">\n\t\t\t\t\t\t\t\t\t\t\t<span class=\"elementor-icon-list-icon\">\n\t\t\t\t\t\t\t<svg xmlns=\"http:\/\/www.w3.org\/2000\/svg\" width=\"22\" height=\"23\" viewbox=\"0 0 22 23\" fill=\"none\"><g clip-path=\"url(#clip0_417_2948)\"><path d=\"M2.7444 0.95278L0 3.69718L7.49503 11.1922L0 18.6872L2.7444 21.4316L12.9839 11.1922L2.7444 0.95278Z\" fill=\"#7CB9DB\"><\/path><path d=\"M11.7606 0.95278L9.01617 3.69718L16.5112 11.1922L9.01617 18.6872L11.7606 21.4316L22 11.1922L11.7606 0.95278Z\" fill=\"#7CB9DB\"><\/path><\/g><defs><clippath id=\"clip0_417_2948\"><rect width=\"22\" height=\"22\" fill=\"white\" transform=\"matrix(1 0 0 -1 0 22.1914)\"><\/rect><\/clippath><\/defs><\/svg>\t\t\t\t\t\t<\/span>\n\t\t\t\t\t\t\t\t\t\t<span class=\"elementor-icon-list-text\">Revisi\u00f3n actualizada de se\u00f1alizaci\u00f3n, rutas peatonales y puntos de encuentro de emergencia<\/span>\n\t\t\t\t\t\t\t\t\t<\/li>\n\t\t\t\t\t\t<\/ul>\n\t\t\t\t\t\t<\/div>\n\t\t\t\t<\/div>\n\t\t<div class=\"elementor-element elementor-element-2373867 e-con-full e-flex elementor-invisible e-con e-child\" data-id=\"2373867\" data-element_type=\"container\" data-e-type=\"container\" data-settings=\"{&quot;background_background&quot;:&quot;classic&quot;,&quot;animation&quot;:&quot;fadeIn&quot;}\">\n\t\t\t\t<\/div>\n\t\t\t\t\t<\/div>\n\t\t\t\t<\/div>\n\t\t<div class=\"elementor-element elementor-element-ef66ec2 e-flex e-con-boxed e-con e-parent\" data-id=\"ef66ec2\" data-element_type=\"container\" data-e-type=\"container\">\n\t\t\t\t\t<div class=\"e-con-inner\">\n\t\t\t\t<div class=\"elementor-element elementor-element-274c2f2 elementor-widget__width-initial elementor-invisible elementor-widget elementor-widget-heading\" data-id=\"274c2f2\" data-element_type=\"widget\" data-e-type=\"widget\" data-settings=\"{&quot;_animation&quot;:&quot;fadeIn&quot;}\" data-widget_type=\"heading.default\">\n\t\t\t\t\t<h2 class=\"elementor-heading-title elementor-size-default\">Tarifas y presupuesto<\/h2>\t\t\t\t<\/div>\n\t\t<div class=\"elementor-element elementor-element-96df58b e-grid e-con-full elementor-invisible e-con e-child\" data-id=\"96df58b\" data-element_type=\"container\" data-e-type=\"container\" data-settings=\"{&quot;animation&quot;:&quot;fadeIn&quot;}\">\n\t\t<div class=\"elementor-element elementor-element-d6cbdbd e-con-full e-flex e-con e-child\" data-id=\"d6cbdbd\" data-element_type=\"container\" data-e-type=\"container\" data-settings=\"{&quot;background_background&quot;:&quot;classic&quot;}\">\n\t\t\t\t<div class=\"elementor-element elementor-element-7bfae1d elementor-widget elementor-widget-text-editor\" data-id=\"7bfae1d\" data-element_type=\"widget\" data-e-type=\"widget\" data-widget_type=\"text-editor.default\">\n\t\t\t\t\t\t\t\t\t<p>La formaci\u00f3n se ajusta a las condiciones y necesidades de cada empresa o aeropuerto. Solicita tu presupuesto personalizado para garantizar el cumplimiento normativo y la seguridad operativa.<\/p>\t\t\t\t\t\t\t\t<\/div>\n\t\t\t\t<\/div>\n\t\t\t\t<\/div>\n\t\t\t\t<div class=\"elementor-element elementor-element-62c7dbb elementor-align-center elementor-invisible elementor-widget elementor-widget-button\" data-id=\"62c7dbb\" data-element_type=\"widget\" data-e-type=\"widget\" data-settings=\"{&quot;_animation&quot;:&quot;fadeIn&quot;}\" data-widget_type=\"button.default\">\n\t\t\t\t\t\t\t\t\t\t<a class=\"elementor-button elementor-button-link elementor-size-sm\" href=\"\/en\/contacto\/\">\n\t\t\t\t\t\t<span class=\"elementor-button-content-wrapper\">\n\t\t\t\t\t\t\t\t\t<span class=\"elementor-button-text\">Obt\u00e9n una propuesta a medida<\/span>\n\t\t\t\t\t<\/span>\n\t\t\t\t\t<\/a>\n\t\t\t\t\t\t\t\t<\/div>\n\t\t\t\t\t<\/div>\n\t\t\t\t<\/div>\n\t\t<div class=\"elementor-element elementor-element-7afd62c e-flex e-con-boxed e-con e-parent\" data-id=\"7afd62c\" data-element_type=\"container\" data-e-type=\"container\">\n\t\t\t\t\t<div class=\"e-con-inner\">\n\t\t<div class=\"elementor-element elementor-element-21a97ca e-con-full e-flex e-con e-child\" data-id=\"21a97ca\" data-element_type=\"container\" data-e-type=\"container\">\n\t\t<div class=\"elementor-element elementor-element-56e2454 e-con-full e-flex e-con e-child\" data-id=\"56e2454\" data-element_type=\"container\" data-e-type=\"container\" data-settings=\"{&quot;background_background&quot;:&quot;classic&quot;}\">\n\t\t<div class=\"elementor-element elementor-element-1bd31ed e-con-full e-flex elementor-invisible e-con e-child\" data-id=\"1bd31ed\" data-element_type=\"container\" data-e-type=\"container\" data-settings=\"{&quot;animation&quot;:&quot;fadeIn&quot;}\">\n\t\t\t\t<div class=\"elementor-element elementor-element-1180e0b elementor-invisible elementor-widget elementor-widget-heading\" data-id=\"1180e0b\" data-element_type=\"widget\" data-e-type=\"widget\" data-settings=\"{&quot;_animation&quot;:&quot;fadeIn&quot;}\" data-widget_type=\"heading.default\">\n\t\t\t\t\t<h2 class=\"elementor-heading-title elementor-size-default\">Servicios relacionados<\/h2>\t\t\t\t<\/div>\n\t\t\t\t<div class=\"elementor-element elementor-element-869e351 elementor-widget__width-initial elementor-widget elementor-widget-text-editor\" data-id=\"869e351\" data-element_type=\"widget\" data-e-type=\"widget\" data-widget_type=\"text-editor.default\">\n\t\t\t\t\t\t\t\t\t<p>Para operar con veh\u00edculos en plataforma en el entorno aeroportuario conoce nuestro curso de <strong>familiarizaci\u00f3n peatonal<\/strong>, una formaci\u00f3n pr\u00e1ctica y personalizada.<\/p>\t\t\t\t\t\t\t\t<\/div>\n\t\t\t\t<div class=\"elementor-element elementor-element-f42f08c elementor-align-left elementor-widget elementor-widget-button\" data-id=\"f42f08c\" data-element_type=\"widget\" data-e-type=\"widget\" data-widget_type=\"button.default\">\n\t\t\t\t\t\t\t\t\t\t<a class=\"elementor-button elementor-button-link elementor-size-sm\" href=\"\/en\/product\/familiarizacion-de-conductor\/\">\n\t\t\t\t\t\t<span class=\"elementor-button-content-wrapper\">\n\t\t\t\t\t\t\t\t\t<span class=\"elementor-button-text\">Ir a Familiarizaci\u00f3n de Conductor<\/span>\n\t\t\t\t\t<\/span>\n\t\t\t\t\t<\/a>\n\t\t\t\t\t\t\t\t<\/div>\n\t\t\t\t<\/div>\n\t\t<div class=\"elementor-element elementor-element-a3d953a e-con-full elementor-hidden-mobile e-flex e-con e-child\" data-id=\"a3d953a\" data-element_type=\"container\" data-e-type=\"container\">\n\t\t\t\t<\/div>\n\t\t\t\t<\/div>\n\t\t\t\t<\/div>\n\t\t\t\t\t<\/div>\n\t\t\t\t<\/div>\n\t\t\t\t<\/div>","protected":false},"excerpt":{"rendered":"<p>Formaci\u00f3n espec\u00edfica para moverse en el entorno aeroportuario. Te prepara para actuar con seguridad y cumplir con los protocolos AVSAF desde el primer d\u00eda.<\/p>","protected":false},"featured_media":1282,"comment_status":"open","ping_status":"closed","template":"elementor_header_footer","meta":[],"product_brand":[],"product_cat":[15],"product_tag":[26],"class_list":{"0":"post-1281","1":"product","2":"type-product","3":"status-publish","4":"has-post-thumbnail","6":"product_cat-uncategorized","7":"product_tag-avsaf","9":"first","10":"instock","11":"taxable","12":"shipping-taxable","13":"product-type-simple"},"_links":{"self":[{"href":"https:\/\/formacion.aertecsolutions.com\/en\/wp-json\/wp\/v2\/product\/1281","targetHints":{"allow":["GET"]}}],"collection":[{"href":"https:\/\/formacion.aertecsolutions.com\/en\/wp-json\/wp\/v2\/product"}],"about":[{"href":"https:\/\/formacion.aertecsolutions.com\/en\/wp-json\/wp\/v2\/types\/product"}],"replies":[{"embeddable":true,"href":"https:\/\/formacion.aertecsolutions.com\/en\/wp-json\/wp\/v2\/comments?post=1281"}],"version-history":[{"count":38,"href":"https:\/\/formacion.aertecsolutions.com\/en\/wp-json\/wp\/v2\/product\/1281\/revisions"}],"predecessor-version":[{"id":77412,"href":"https:\/\/formacion.aertecsolutions.com\/en\/wp-json\/wp\/v2\/product\/1281\/revisions\/77412"}],"wp:featuredmedia":[{"embeddable":true,"href":"https:\/\/formacion.aertecsolutions.com\/en\/wp-json\/wp\/v2\/media\/1282"}],"wp:attachment":[{"href":"https:\/\/formacion.aertecsolutions.com\/en\/wp-json\/wp\/v2\/media?parent=1281"}],"wp:term":[{"taxonomy":"product_brand","embeddable":true,"href":"https:\/\/formacion.aertecsolutions.com\/en\/wp-json\/wp\/v2\/product_brand?post=1281"},{"taxonomy":"product_cat","embeddable":true,"href":"https:\/\/formacion.aertecsolutions.com\/en\/wp-json\/wp\/v2\/product_cat?post=1281"},{"taxonomy":"product_tag","embeddable":true,"href":"https:\/\/formacion.aertecsolutions.com\/en\/wp-json\/wp\/v2\/product_tag?post=1281"}],"curies":[{"name":"wp","href":"https:\/\/api.w.org\/{rel}","templated":true}]}}