{"id":77702,"date":"2026-03-05T09:54:15","date_gmt":"2026-03-05T09:54:15","guid":{"rendered":"https:\/\/formacion.aertecsolutions.com\/?page_id=77702"},"modified":"2026-03-05T10:12:42","modified_gmt":"2026-03-05T10:12:42","slug":"servicios","status":"publish","type":"page","link":"https:\/\/formacion.aertecsolutions.com\/en\/servicios\/","title":{"rendered":"Services"},"content":{"rendered":"<div data-elementor-type=\"wp-page\" data-elementor-id=\"77702\" class=\"elementor elementor-77702\" data-elementor-post-type=\"page\">\n\t\t\t\t<div class=\"elementor-element elementor-element-488bd10 e-flex e-con-boxed e-con e-parent\" data-id=\"488bd10\" data-element_type=\"container\" data-e-type=\"container\" data-settings=\"{&quot;background_background&quot;:&quot;classic&quot;}\">\n\t\t\t\t\t<div class=\"e-con-inner\">\n\t\t<div class=\"elementor-element elementor-element-76d592c e-con-full e-flex elementor-invisible e-con e-child\" data-id=\"76d592c\" data-element_type=\"container\" data-e-type=\"container\" data-settings=\"{&quot;animation&quot;:&quot;fadeIn&quot;}\">\n\t\t\t\t<div class=\"elementor-element elementor-element-9279695 elementor-widget elementor-widget-heading\" data-id=\"9279695\" data-element_type=\"widget\" data-e-type=\"widget\" data-widget_type=\"heading.default\">\n\t\t\t\t\t<h1 class=\"elementor-heading-title elementor-size-default\">Services<\/h1>\t\t\t\t<\/div>\n\t\t\t\t<div class=\"elementor-element elementor-element-44efc35 elementor-widget elementor-widget-text-editor\" data-id=\"44efc35\" data-element_type=\"widget\" data-e-type=\"widget\" data-widget_type=\"text-editor.default\">\n\t\t\t\t\t\t\t\t\t<p>Nosotros te lo facilitamos.<\/p>\t\t\t\t\t\t\t\t<\/div>\n\t\t\t\t<div class=\"elementor-element elementor-element-73ddc78 elementor-widget elementor-widget-button\" data-id=\"73ddc78\" data-element_type=\"widget\" data-e-type=\"widget\" data-widget_type=\"button.default\">\n\t\t\t\t\t\t\t\t\t\t<a class=\"elementor-button elementor-button-link elementor-size-sm\" href=\"\/en\/contacto\/\">\n\t\t\t\t\t\t<span class=\"elementor-button-content-wrapper\">\n\t\t\t\t\t\t\t\t\t<span class=\"elementor-button-text\">Solicitar presupuesto<\/span>\n\t\t\t\t\t<\/span>\n\t\t\t\t\t<\/a>\n\t\t\t\t\t\t\t\t<\/div>\n\t\t\t\t<\/div>\n\t\t\t\t\t<\/div>\n\t\t\t\t<\/div>\n\t\t<div class=\"elementor-element elementor-element-21622d5 e-flex e-con-boxed e-con e-parent\" data-id=\"21622d5\" data-element_type=\"container\" data-e-type=\"container\">\n\t\t\t\t\t<div class=\"e-con-inner\">\n\t\t<div class=\"elementor-element elementor-element-aa3358f e-con-full e-flex e-con e-child\" data-id=\"aa3358f\" data-element_type=\"container\" data-e-type=\"container\">\n\t\t\t\t<div class=\"elementor-element elementor-element-94d46fa elementor-widget elementor-widget-heading\" data-id=\"94d46fa\" data-element_type=\"widget\" data-e-type=\"widget\" data-widget_type=\"heading.default\">\n\t\t\t\t\t<h2 class=\"elementor-heading-title elementor-size-default\">AVSAF<\/h2>\t\t\t\t<\/div>\n\t\t\t\t<div class=\"elementor-element elementor-element-457c5d7 elementor-widget elementor-widget-text-editor\" data-id=\"457c5d7\" data-element_type=\"widget\" data-e-type=\"widget\" data-widget_type=\"text-editor.default\">\n\t\t\t\t\t\t\t\t\t<p>AVSAF (Aviation Safety) es un proyecto conjunto que busca mejorar, estandarizar y hacer m\u00e1s accesible la formaci\u00f3n en seguridad operacional en los aeropuertos, garantizando\u00a0 protecci\u00f3n en todas las \u00e1reas cr\u00edticas.<\/p>\t\t\t\t\t\t\t\t<\/div>\n\t\t\t\t<div class=\"elementor-element elementor-element-6003ad5 elementor-widget elementor-widget-button\" data-id=\"6003ad5\" data-element_type=\"widget\" data-e-type=\"widget\" data-widget_type=\"button.default\">\n\t\t\t\t\t\t\t\t\t\t<a class=\"elementor-button elementor-button-link elementor-size-sm\" href=\"\/en\/avsaf\/\">\n\t\t\t\t\t\t<span class=\"elementor-button-content-wrapper\">\n\t\t\t\t\t\t\t\t\t<span class=\"elementor-button-text\">Descubrir<\/span>\n\t\t\t\t\t<\/span>\n\t\t\t\t\t<\/a>\n\t\t\t\t\t\t\t\t<\/div>\n\t\t\t\t<\/div>\n\t\t<div class=\"elementor-element elementor-element-313c312 e-con-full e-flex e-con e-child\" data-id=\"313c312\" data-element_type=\"container\" data-e-type=\"container\" data-settings=\"{&quot;background_background&quot;:&quot;classic&quot;}\">\n\t\t\t\t<div class=\"elementor-element elementor-element-25974e7 elementor-widget elementor-widget-image\" data-id=\"25974e7\" data-element_type=\"widget\" data-e-type=\"widget\" data-widget_type=\"image.default\">\n\t\t\t\t\t\t\t\t\t\t\t\t\t\t\t<img fetchpriority=\"high\" decoding=\"async\" width=\"668\" height=\"425\" src=\"https:\/\/formacion.aertecsolutions.com\/wp-content\/uploads\/2025\/10\/Frame-6106_11zon.webp\" class=\"attachment-large size-large wp-image-1659\" alt=\"\" srcset=\"https:\/\/formacion.aertecsolutions.com\/wp-content\/uploads\/2025\/10\/Frame-6106_11zon.webp 668w, https:\/\/formacion.aertecsolutions.com\/wp-content\/uploads\/2025\/10\/Frame-6106_11zon-300x191.webp 300w, https:\/\/formacion.aertecsolutions.com\/wp-content\/uploads\/2025\/10\/Frame-6106_11zon-600x382.webp 600w\" sizes=\"(max-width: 668px) 100vw, 668px\" \/>\t\t\t\t\t\t\t\t\t\t\t\t\t\t\t<\/div>\n\t\t\t\t<\/div>\n\t\t\t\t\t<\/div>\n\t\t\t\t<\/div>\n\t\t<div class=\"elementor-element elementor-element-dae6827 e-flex e-con-boxed e-con e-parent\" data-id=\"dae6827\" data-element_type=\"container\" data-e-type=\"container\">\n\t\t\t\t\t<div class=\"e-con-inner\">\n\t\t<div class=\"elementor-element elementor-element-9549935 e-con-full e-flex e-con e-child\" data-id=\"9549935\" data-element_type=\"container\" data-e-type=\"container\">\n\t\t\t\t<div class=\"elementor-element elementor-element-00620b8 elementor-widget elementor-widget-heading\" data-id=\"00620b8\" data-element_type=\"widget\" data-e-type=\"widget\" data-widget_type=\"heading.default\">\n\t\t\t\t\t<h2 class=\"elementor-heading-title elementor-size-default\">AVSEC<\/h2>\t\t\t\t<\/div>\n\t\t\t\t<div class=\"elementor-element elementor-element-fed25ec elementor-widget elementor-widget-text-editor\" data-id=\"fed25ec\" data-element_type=\"widget\" data-e-type=\"widget\" data-widget_type=\"text-editor.default\">\n\t\t\t\t\t\t\t\t\t<p>AVSEC es el acr\u00f3nimo de Aviation Security (Seguridad en la Aviaci\u00f3n), y se refiere a la protecci\u00f3n de la aviaci\u00f3n civil contra actos de interferencia il\u00edcita, garantizando la seguridad de todos los involucrados en el transporte a\u00e9reo.<\/p>\t\t\t\t\t\t\t\t<\/div>\n\t\t\t\t<div class=\"elementor-element elementor-element-9049b8d elementor-widget elementor-widget-button\" data-id=\"9049b8d\" data-element_type=\"widget\" data-e-type=\"widget\" data-widget_type=\"button.default\">\n\t\t\t\t\t\t\t\t\t\t<a class=\"elementor-button elementor-button-link elementor-size-sm\" href=\"https:\/\/formacion.aertecsolutions.com\/en\/avsec\/\">\n\t\t\t\t\t\t<span class=\"elementor-button-content-wrapper\">\n\t\t\t\t\t\t\t\t\t<span class=\"elementor-button-text\">Descubrir<\/span>\n\t\t\t\t\t<\/span>\n\t\t\t\t\t<\/a>\n\t\t\t\t\t\t\t\t<\/div>\n\t\t\t\t<\/div>\n\t\t<div class=\"elementor-element elementor-element-1cedb6e e-con-full e-flex e-con e-child\" data-id=\"1cedb6e\" data-element_type=\"container\" data-e-type=\"container\" data-settings=\"{&quot;background_background&quot;:&quot;classic&quot;}\">\n\t\t\t\t<div class=\"elementor-element elementor-element-9c07501 elementor-widget elementor-widget-image\" data-id=\"9c07501\" data-element_type=\"widget\" data-e-type=\"widget\" data-widget_type=\"image.default\">\n\t\t\t\t\t\t\t\t\t\t\t\t\t\t\t<img decoding=\"async\" width=\"800\" height=\"356\" src=\"https:\/\/formacion.aertecsolutions.com\/wp-content\/uploads\/2025\/07\/Banner-principal_4_11zon-1024x456.webp\" class=\"attachment-large size-large wp-image-717\" alt=\"\" srcset=\"https:\/\/formacion.aertecsolutions.com\/wp-content\/uploads\/2025\/07\/Banner-principal_4_11zon-1024x456.webp 1024w, https:\/\/formacion.aertecsolutions.com\/wp-content\/uploads\/2025\/07\/Banner-principal_4_11zon-600x267.webp 600w, https:\/\/formacion.aertecsolutions.com\/wp-content\/uploads\/2025\/07\/Banner-principal_4_11zon-300x134.webp 300w, https:\/\/formacion.aertecsolutions.com\/wp-content\/uploads\/2025\/07\/Banner-principal_4_11zon-768x342.webp 768w, https:\/\/formacion.aertecsolutions.com\/wp-content\/uploads\/2025\/07\/Banner-principal_4_11zon.webp 1440w\" sizes=\"(max-width: 800px) 100vw, 800px\" \/>\t\t\t\t\t\t\t\t\t\t\t\t\t\t\t<\/div>\n\t\t\t\t<\/div>\n\t\t\t\t\t<\/div>\n\t\t\t\t<\/div>\n\t\t<div class=\"elementor-element elementor-element-f22178e e-flex e-con-boxed e-con e-parent\" data-id=\"f22178e\" data-element_type=\"container\" data-e-type=\"container\">\n\t\t\t\t\t<div class=\"e-con-inner\">\n\t\t<div class=\"elementor-element elementor-element-fedbafa e-con-full e-flex e-con e-child\" data-id=\"fedbafa\" data-element_type=\"container\" data-e-type=\"container\">\n\t\t\t\t<div class=\"elementor-element elementor-element-0917d00 elementor-widget elementor-widget-heading\" data-id=\"0917d00\" data-element_type=\"widget\" data-e-type=\"widget\" data-widget_type=\"heading.default\">\n\t\t\t\t\t<h2 class=\"elementor-heading-title elementor-size-default\">PVSO<\/h2>\t\t\t\t<\/div>\n\t\t\t\t<div class=\"elementor-element elementor-element-15e3a9c elementor-widget elementor-widget-text-editor\" data-id=\"15e3a9c\" data-element_type=\"widget\" data-e-type=\"widget\" data-widget_type=\"text-editor.default\">\n\t\t\t\t\t\t\t\t\t<p>El Plan de Vigilancia de la Seguridad Operacional (PVSO) es un requisito obligatorio en cualquier actividad en lado aire.<\/p>\t\t\t\t\t\t\t\t<\/div>\n\t\t\t\t<div class=\"elementor-element elementor-element-9f9ab88 elementor-widget elementor-widget-button\" data-id=\"9f9ab88\" data-element_type=\"widget\" data-e-type=\"widget\" data-widget_type=\"button.default\">\n\t\t\t\t\t\t\t\t\t\t<a class=\"elementor-button elementor-button-link elementor-size-sm\" href=\"https:\/\/formacion.aertecsolutions.com\/en\/pvso\/\">\n\t\t\t\t\t\t<span class=\"elementor-button-content-wrapper\">\n\t\t\t\t\t\t\t\t\t<span class=\"elementor-button-text\">Descubrir<\/span>\n\t\t\t\t\t<\/span>\n\t\t\t\t\t<\/a>\n\t\t\t\t\t\t\t\t<\/div>\n\t\t\t\t<\/div>\n\t\t<div class=\"elementor-element elementor-element-62fbdf4 e-con-full e-flex e-con e-child\" data-id=\"62fbdf4\" data-element_type=\"container\" data-e-type=\"container\" data-settings=\"{&quot;background_background&quot;:&quot;classic&quot;}\">\n\t\t\t\t<div class=\"elementor-element elementor-element-9d456bb elementor-widget elementor-widget-image\" data-id=\"9d456bb\" data-element_type=\"widget\" data-e-type=\"widget\" data-widget_type=\"image.default\">\n\t\t\t\t\t\t\t\t\t\t\t\t\t\t\t<img decoding=\"async\" width=\"800\" height=\"356\" src=\"https:\/\/formacion.aertecsolutions.com\/wp-content\/uploads\/2025\/10\/Banner-principal_11zon-2-1024x456.webp\" class=\"attachment-large size-large wp-image-1917\" alt=\"\" srcset=\"https:\/\/formacion.aertecsolutions.com\/wp-content\/uploads\/2025\/10\/Banner-principal_11zon-2-1024x456.webp 1024w, https:\/\/formacion.aertecsolutions.com\/wp-content\/uploads\/2025\/10\/Banner-principal_11zon-2-300x134.webp 300w, https:\/\/formacion.aertecsolutions.com\/wp-content\/uploads\/2025\/10\/Banner-principal_11zon-2-768x342.webp 768w, https:\/\/formacion.aertecsolutions.com\/wp-content\/uploads\/2025\/10\/Banner-principal_11zon-2-600x267.webp 600w, https:\/\/formacion.aertecsolutions.com\/wp-content\/uploads\/2025\/10\/Banner-principal_11zon-2.webp 1440w\" sizes=\"(max-width: 800px) 100vw, 800px\" \/>\t\t\t\t\t\t\t\t\t\t\t\t\t\t\t<\/div>\n\t\t\t\t<\/div>\n\t\t\t\t\t<\/div>\n\t\t\t\t<\/div>\n\t\t<div class=\"elementor-element elementor-element-6b9749d e-flex e-con-boxed e-con e-parent\" data-id=\"6b9749d\" data-element_type=\"container\" data-e-type=\"container\" data-settings=\"{&quot;background_background&quot;:&quot;classic&quot;}\">\n\t\t\t\t\t<div class=\"e-con-inner\">\n\t\t<div class=\"elementor-element elementor-element-1e2d088 e-con-full e-flex e-con e-child\" data-id=\"1e2d088\" data-element_type=\"container\" data-e-type=\"container\">\n\t\t\t\t<div class=\"elementor-element elementor-element-e5dc722 elementor-widget elementor-widget-text-editor\" data-id=\"e5dc722\" data-element_type=\"widget\" data-e-type=\"widget\" data-widget_type=\"text-editor.default\">\n\t\t\t\t\t\t\t\t\t<p>\u00bfEst\u00e1s listo para operar con total seguridad y tranquilidad?<\/p>\t\t\t\t\t\t\t\t<\/div>\n\t\t\t\t<div class=\"elementor-element elementor-element-f40cf3e elementor-widget elementor-widget-text-editor\" data-id=\"f40cf3e\" data-element_type=\"widget\" data-e-type=\"widget\" data-widget_type=\"text-editor.default\">\n\t\t\t\t\t\t\t\t\t<p>Contacta con nosotros y te ayudamos a despegar.<\/p>\t\t\t\t\t\t\t\t<\/div>\n\t\t\t\t<div class=\"elementor-element elementor-element-3dc7e9a elementor-align-center elementor-widget elementor-widget-button\" data-id=\"3dc7e9a\" data-element_type=\"widget\" data-e-type=\"widget\" data-widget_type=\"button.default\">\n\t\t\t\t\t\t\t\t\t\t<a class=\"elementor-button elementor-button-link elementor-size-sm\" href=\"\/en\/contacto\/\">\n\t\t\t\t\t\t<span class=\"elementor-button-content-wrapper\">\n\t\t\t\t\t\t\t\t\t<span class=\"elementor-button-text\">Solicitar presupuesto<\/span>\n\t\t\t\t\t<\/span>\n\t\t\t\t\t<\/a>\n\t\t\t\t\t\t\t\t<\/div>\n\t\t\t\t<\/div>\n\t\t\t\t\t<\/div>\n\t\t\t\t<\/div>\n\t\t\t\t<\/div>","protected":false},"excerpt":{"rendered":"<p>Servicios Nosotros te lo facilitamos. Solicitar presupuesto AVSAF AVSAF (Aviation Safety) es un proyecto conjunto que busca mejorar, estandarizar y hacer m\u00e1s accesible la formaci\u00f3n en seguridad operacional en los aeropuertos, garantizando\u00a0 protecci\u00f3n en todas las \u00e1reas cr\u00edticas. Descubrir AVSEC AVSEC es el acr\u00f3nimo de Aviation Security (Seguridad en la Aviaci\u00f3n), y se refiere a [&hellip;]<\/p>\n","protected":false},"author":2,"featured_media":0,"parent":0,"menu_order":0,"comment_status":"closed","ping_status":"closed","template":"elementor_header_footer","meta":{"footnotes":""},"class_list":["post-77702","page","type-page","status-publish","hentry"],"_links":{"self":[{"href":"https:\/\/formacion.aertecsolutions.com\/en\/wp-json\/wp\/v2\/pages\/77702","targetHints":{"allow":["GET"]}}],"collection":[{"href":"https:\/\/formacion.aertecsolutions.com\/en\/wp-json\/wp\/v2\/pages"}],"about":[{"href":"https:\/\/formacion.aertecsolutions.com\/en\/wp-json\/wp\/v2\/types\/page"}],"author":[{"embeddable":true,"href":"https:\/\/formacion.aertecsolutions.com\/en\/wp-json\/wp\/v2\/users\/2"}],"replies":[{"embeddable":true,"href":"https:\/\/formacion.aertecsolutions.com\/en\/wp-json\/wp\/v2\/comments?post=77702"}],"version-history":[{"count":10,"href":"https:\/\/formacion.aertecsolutions.com\/en\/wp-json\/wp\/v2\/pages\/77702\/revisions"}],"predecessor-version":[{"id":77722,"href":"https:\/\/formacion.aertecsolutions.com\/en\/wp-json\/wp\/v2\/pages\/77702\/revisions\/77722"}],"wp:attachment":[{"href":"https:\/\/formacion.aertecsolutions.com\/en\/wp-json\/wp\/v2\/media?parent=77702"}],"curies":[{"name":"wp","href":"https:\/\/api.w.org\/{rel}","templated":true}]}}