{"id":1914,"date":"2025-10-22T11:16:46","date_gmt":"2025-10-22T11:16:46","guid":{"rendered":"https:\/\/dev.aertecsolutions.com\/?page_id=1914"},"modified":"2026-03-05T09:55:03","modified_gmt":"2026-03-05T09:55:03","slug":"pvso","status":"publish","type":"page","link":"https:\/\/formacion.aertecsolutions.com\/en\/pvso\/","title":{"rendered":"PVSO"},"content":{"rendered":"<div data-elementor-type=\"wp-page\" data-elementor-id=\"1914\" class=\"elementor elementor-1914\" data-elementor-post-type=\"page\">\n\t\t\t\t<div class=\"elementor-element elementor-element-f91bee1 e-flex e-con-boxed e-con e-parent\" data-id=\"f91bee1\" data-element_type=\"container\" data-e-type=\"container\" data-settings=\"{&quot;background_background&quot;:&quot;classic&quot;}\">\n\t\t\t\t\t<div class=\"e-con-inner\">\n\t\t<div class=\"elementor-element elementor-element-b2fbcd7 e-con-full e-flex elementor-invisible e-con e-child\" data-id=\"b2fbcd7\" data-element_type=\"container\" data-e-type=\"container\" data-settings=\"{&quot;animation&quot;:&quot;fadeIn&quot;}\">\n\t\t\t\t<div class=\"elementor-element elementor-element-ac34a7c elementor-widget elementor-widget-heading\" data-id=\"ac34a7c\" data-element_type=\"widget\" data-e-type=\"widget\" data-widget_type=\"heading.default\">\n\t\t\t\t\t<h1 class=\"elementor-heading-title elementor-size-default\">\u00bfNecesitas un PVSO eficaz para tus trabajos en aeropuerto? <\/h1>\t\t\t\t<\/div>\n\t\t\t\t<div class=\"elementor-element elementor-element-1286ca1 elementor-widget elementor-widget-text-editor\" data-id=\"1286ca1\" data-element_type=\"widget\" data-e-type=\"widget\" data-widget_type=\"text-editor.default\">\n\t\t\t\t\t\t\t\t\t<p>Nosotros te lo facilitamos.<\/p>\t\t\t\t\t\t\t\t<\/div>\n\t\t\t\t<div class=\"elementor-element elementor-element-417747f elementor-widget elementor-widget-button\" data-id=\"417747f\" data-element_type=\"widget\" data-e-type=\"widget\" data-widget_type=\"button.default\">\n\t\t\t\t\t\t\t\t\t\t<a class=\"elementor-button elementor-button-link elementor-size-sm\" href=\"\/en\/contacto\/\">\n\t\t\t\t\t\t<span class=\"elementor-button-content-wrapper\">\n\t\t\t\t\t\t\t\t\t<span class=\"elementor-button-text\">Solicitar presupuesto<\/span>\n\t\t\t\t\t<\/span>\n\t\t\t\t\t<\/a>\n\t\t\t\t\t\t\t\t<\/div>\n\t\t\t\t<\/div>\n\t\t\t\t\t<\/div>\n\t\t\t\t<\/div>\n\t\t<div class=\"elementor-element elementor-element-4f89c32 e-flex e-con-boxed e-con e-parent\" data-id=\"4f89c32\" data-element_type=\"container\" data-e-type=\"container\">\n\t\t\t\t\t<div class=\"e-con-inner\">\n\t\t\t\t<div class=\"elementor-element elementor-element-1c7cc08 elementor-invisible elementor-widget elementor-widget-heading\" data-id=\"1c7cc08\" data-element_type=\"widget\" data-e-type=\"widget\" data-settings=\"{&quot;_animation&quot;:&quot;fadeIn&quot;}\" data-widget_type=\"heading.default\">\n\t\t\t\t\t<h2 class=\"elementor-heading-title elementor-size-default\">\u00bfQu\u00e9 es un PVSO?<\/h2>\t\t\t\t<\/div>\n\t\t<div class=\"elementor-element elementor-element-49d172e e-con-full e-flex e-con e-child\" data-id=\"49d172e\" data-element_type=\"container\" data-e-type=\"container\" data-settings=\"{&quot;background_background&quot;:&quot;classic&quot;}\">\n\t\t<div class=\"elementor-element elementor-element-e1b80db e-con-full e-flex elementor-invisible e-con e-child\" data-id=\"e1b80db\" data-element_type=\"container\" data-e-type=\"container\" data-settings=\"{&quot;animation&quot;:&quot;fadeIn&quot;}\">\n\t\t\t\t<div class=\"elementor-element elementor-element-9d711e8 elementor-widget elementor-widget-text-editor\" data-id=\"9d711e8\" data-element_type=\"widget\" data-e-type=\"widget\" data-widget_type=\"text-editor.default\">\n\t\t\t\t\t\t\t\t\t<p>El Plan de Vigilancia de la Seguridad Operacional (PVSO) es un requisito obligatorio en cualquier actividad en lado aire.<\/p>\t\t\t\t\t\t\t\t<\/div>\n\t\t\t\t<div class=\"elementor-element elementor-element-df341c5 elementor-widget__width-initial elementor-icon-list--layout-traditional elementor-list-item-link-full_width elementor-widget elementor-widget-icon-list\" data-id=\"df341c5\" data-element_type=\"widget\" data-e-type=\"widget\" data-widget_type=\"icon-list.default\">\n\t\t\t\t\t\t\t<ul class=\"elementor-icon-list-items\">\n\t\t\t\t\t\t\t<li class=\"elementor-icon-list-item\">\n\t\t\t\t\t\t\t\t\t\t\t<span class=\"elementor-icon-list-icon\">\n\t\t\t\t\t\t\t<svg xmlns=\"http:\/\/www.w3.org\/2000\/svg\" width=\"22\" height=\"23\" viewbox=\"0 0 22 23\" fill=\"none\"><g clip-path=\"url(#clip0_417_2948)\"><path d=\"M2.7444 0.95278L0 3.69718L7.49503 11.1922L0 18.6872L2.7444 21.4316L12.9839 11.1922L2.7444 0.95278Z\" fill=\"#7CB9DB\"><\/path><path d=\"M11.7606 0.95278L9.01617 3.69718L16.5112 11.1922L9.01617 18.6872L11.7606 21.4316L22 11.1922L11.7606 0.95278Z\" fill=\"#7CB9DB\"><\/path><\/g><defs><clippath id=\"clip0_417_2948\"><rect width=\"22\" height=\"22\" fill=\"white\" transform=\"matrix(1 0 0 -1 0 22.1914)\"><\/rect><\/clippath><\/defs><\/svg>\t\t\t\t\t\t<\/span>\n\t\t\t\t\t\t\t\t\t\t<span class=\"elementor-icon-list-text\"><b>Si trabajas en el \u00e1rea t\u00e9cnica u operativa:<\/b> conocer\u00e1s el procedimiento paso a paso para que tu trabajo cumpla con las exigencias de AENA.<\/span>\n\t\t\t\t\t\t\t\t\t<\/li>\n\t\t\t\t\t\t\t\t<li class=\"elementor-icon-list-item\">\n\t\t\t\t\t\t\t\t\t\t\t<span class=\"elementor-icon-list-icon\">\n\t\t\t\t\t\t\t<svg xmlns=\"http:\/\/www.w3.org\/2000\/svg\" width=\"22\" height=\"23\" viewbox=\"0 0 22 23\" fill=\"none\"><g clip-path=\"url(#clip0_417_2948)\"><path d=\"M2.7444 0.95278L0 3.69718L7.49503 11.1922L0 18.6872L2.7444 21.4316L12.9839 11.1922L2.7444 0.95278Z\" fill=\"#7CB9DB\"><\/path><path d=\"M11.7606 0.95278L9.01617 3.69718L16.5112 11.1922L9.01617 18.6872L11.7606 21.4316L22 11.1922L11.7606 0.95278Z\" fill=\"#7CB9DB\"><\/path><\/g><defs><clippath id=\"clip0_417_2948\"><rect width=\"22\" height=\"22\" fill=\"white\" transform=\"matrix(1 0 0 -1 0 22.1914)\"><\/rect><\/clippath><\/defs><\/svg>\t\t\t\t\t\t<\/span>\n\t\t\t\t\t\t\t\t\t\t<span class=\"elementor-icon-list-text\"> <b>Si eres jefe de departamento o responsable de calidad: <\/b> tendr\u00e1s la garant\u00eda de que todo el proceso se documenta y aprueba a la primera.<\/span>\n\t\t\t\t\t\t\t\t\t<\/li>\n\t\t\t\t\t\t<\/ul>\n\t\t\t\t\t\t<\/div>\n\t\t\t\t<\/div>\n\t\t<div class=\"elementor-element elementor-element-e843644 e-con-full e-flex elementor-invisible e-con e-child\" data-id=\"e843644\" data-element_type=\"container\" data-e-type=\"container\" data-settings=\"{&quot;background_background&quot;:&quot;classic&quot;,&quot;animation&quot;:&quot;fadeIn&quot;}\">\n\t\t\t\t<\/div>\n\t\t\t\t<\/div>\n\t\t\t\t\t<\/div>\n\t\t\t\t<\/div>\n\t\t<div class=\"elementor-element elementor-element-96e53ba e-flex e-con-boxed e-con e-parent\" data-id=\"96e53ba\" data-element_type=\"container\" data-e-type=\"container\">\n\t\t\t\t\t<div class=\"e-con-inner\">\n\t\t<div class=\"elementor-element elementor-element-8661f07 e-con-full e-flex e-con e-child\" data-id=\"8661f07\" data-element_type=\"container\" data-e-type=\"container\">\n\t\t<div class=\"elementor-element elementor-element-c8ce83b e-con-full e-flex e-con e-child\" data-id=\"c8ce83b\" data-element_type=\"container\" data-e-type=\"container\" data-settings=\"{&quot;background_background&quot;:&quot;classic&quot;}\">\n\t\t<div class=\"elementor-element elementor-element-34d706f e-con-full e-flex e-con e-child\" data-id=\"34d706f\" data-element_type=\"container\" data-e-type=\"container\">\n\t\t\t\t<div class=\"elementor-element elementor-element-acd4d8a elementor-widget elementor-widget-heading\" data-id=\"acd4d8a\" data-element_type=\"widget\" data-e-type=\"widget\" data-widget_type=\"heading.default\">\n\t\t\t\t\t<h2 class=\"elementor-heading-title elementor-size-default\">Ver requisitos oficiales de AENA<\/h2>\t\t\t\t<\/div>\n\t\t\t\t<div class=\"elementor-element elementor-element-dbf8bf0 elementor-widget elementor-widget-text-editor\" data-id=\"dbf8bf0\" data-element_type=\"widget\" data-e-type=\"widget\" data-widget_type=\"text-editor.default\">\n\t\t\t\t\t\t\t\t\t<p>Podemos trabajar bajo los procedimientos internos que apliquen en tu aeropuerto y marco AENA.<\/p>\t\t\t\t\t\t\t\t<\/div>\n\t\t\t\t<\/div>\n\t\t<div class=\"elementor-element elementor-element-0304e73 e-con-full e-flex e-con e-child\" data-id=\"0304e73\" data-element_type=\"container\" data-e-type=\"container\">\n\t\t\t\t<div class=\"elementor-element elementor-element-59e23de elementor-align-right elementor-widget elementor-widget-button\" data-id=\"59e23de\" data-element_type=\"widget\" data-e-type=\"widget\" data-widget_type=\"button.default\">\n\t\t\t\t\t\t\t\t\t\t<a class=\"elementor-button elementor-button-link elementor-size-sm\" href=\"https:\/\/www.bing.com\/ck\/a?!&#038;&#038;p=2e7eae83e46de1c712ee7d7438a264592b75beee3d54c2d47ba336282e5aed8fJmltdHM9MTc1NTA0MzIwMA&#038;ptn=3&#038;ver=2&#038;hsh=4&#038;fclid=1752fa7d-a08b-620c-0a74-ef9ba123636d&#038;psq=requisitos+oficiales+de+AENA+para+PVSO&#038;u=a1aHR0cHM6Ly93d3cuYWVuYS5lcy9zaXRlcy9TYXRlbGxpdGU_YmxvYmNvbD11cmxkYXRhJmJsb2JrZXk9aWQmYmxvYnRhYmxlPU11bmdvQmxvYnMmYmxvYndoZXJlPTE1NzY4NTkxMDk3MjEmc3NiaW5hcnk9dHJ1ZQ&#038;ntb=1\">\n\t\t\t\t\t\t<span class=\"elementor-button-content-wrapper\">\n\t\t\t\t\t\t\t\t\t<span class=\"elementor-button-text\">Ver requisitos<\/span>\n\t\t\t\t\t<\/span>\n\t\t\t\t\t<\/a>\n\t\t\t\t\t\t\t\t<\/div>\n\t\t\t\t<\/div>\n\t\t\t\t<\/div>\n\t\t\t\t<\/div>\n\t\t\t\t\t<\/div>\n\t\t\t\t<\/div>\n\t\t<div class=\"elementor-element elementor-element-400f771 e-flex e-con-boxed e-con e-parent\" data-id=\"400f771\" data-element_type=\"container\" data-e-type=\"container\" data-settings=\"{&quot;background_background&quot;:&quot;classic&quot;}\">\n\t\t\t\t\t<div class=\"e-con-inner\">\n\t\t<div class=\"elementor-element elementor-element-fc425d2 e-con-full e-flex e-con e-child\" data-id=\"fc425d2\" data-element_type=\"container\" data-e-type=\"container\">\n\t\t\t\t<div class=\"elementor-element elementor-element-71e4804 elementor-invisible elementor-widget elementor-widget-heading\" data-id=\"71e4804\" data-element_type=\"widget\" data-e-type=\"widget\" data-settings=\"{&quot;_animation&quot;:&quot;fadeIn&quot;}\" data-widget_type=\"heading.default\">\n\t\t\t\t\t<h2 class=\"elementor-heading-title elementor-size-default\">En AERTEC te ofrecemos un servicio PVSO integral, especializado y sin complicaciones: <\/h2>\t\t\t\t<\/div>\n\t\t\t\t<div class=\"elementor-element elementor-element-e04de4f elementor-invisible elementor-widget elementor-widget-heading\" data-id=\"e04de4f\" data-element_type=\"widget\" data-e-type=\"widget\" data-settings=\"{&quot;_animation&quot;:&quot;fadeIn&quot;}\" data-widget_type=\"heading.default\">\n\t\t\t\t\t<h2 class=\"elementor-heading-title elementor-size-default\">Redacci\u00f3n a medida del PVSO<\/h2>\t\t\t\t<\/div>\n\t\t\t\t<div class=\"elementor-element elementor-element-9c6803e elementor-widget elementor-widget-text-editor\" data-id=\"9c6803e\" data-element_type=\"widget\" data-e-type=\"widget\" data-widget_type=\"text-editor.default\">\n\t\t\t\t\t\t\t\t\t<p>Elaboramos tu PVSO desde cero, ajust\u00e1ndolo al tipo de actuaci\u00f3n y sus caracter\u00edsticas espec\u00edficas. Analizamos los riesgos y requisitos operacionales desde el inicio, asegurando que tu plan est\u00e9 perfectamente alineado con las exigencias del expediente, las fases de la obra y el entorno aeroportuario.<\/p>\t\t\t\t\t\t\t\t<\/div>\n\t\t\t\t<\/div>\n\t\t<div class=\"elementor-element elementor-element-3329275 e-con-full e-flex e-con e-child\" data-id=\"3329275\" data-element_type=\"container\" data-e-type=\"container\">\n\t\t<div class=\"elementor-element elementor-element-b34a183 e-con-full e-flex e-con e-child\" data-id=\"b34a183\" data-element_type=\"container\" data-e-type=\"container\" data-settings=\"{&quot;background_background&quot;:&quot;classic&quot;}\">\n\t\t<div class=\"elementor-element elementor-element-0b61ef7 e-con-full e-flex e-con e-child\" data-id=\"0b61ef7\" data-element_type=\"container\" data-e-type=\"container\">\n\t\t\t\t<div class=\"elementor-element elementor-element-2d30107 elementor-widget elementor-widget-image\" data-id=\"2d30107\" data-element_type=\"widget\" data-e-type=\"widget\" data-widget_type=\"image.default\">\n\t\t\t\t\t\t\t\t\t\t\t\t\t\t\t<img decoding=\"async\" width=\"1\" height=\"1\" src=\"https:\/\/formacion.aertecsolutions.com\/wp-content\/uploads\/2025\/10\/Layer_1.svg\" class=\"attachment-large size-large wp-image-1923\" alt=\"\" \/>\t\t\t\t\t\t\t\t\t\t\t\t\t\t\t<\/div>\n\t\t\t\t<\/div>\n\t\t<div class=\"elementor-element elementor-element-afcc863 e-con-full e-flex e-con e-child\" data-id=\"afcc863\" data-element_type=\"container\" data-e-type=\"container\">\n\t\t\t\t<div class=\"elementor-element elementor-element-4716344 elementor-widget elementor-widget-heading\" data-id=\"4716344\" data-element_type=\"widget\" data-e-type=\"widget\" data-widget_type=\"heading.default\">\n\t\t\t\t\t<h2 class=\"elementor-heading-title elementor-size-default\">Mantenimiento y cumplimiento continuo<\/h2>\t\t\t\t<\/div>\n\t\t\t\t<div class=\"elementor-element elementor-element-e8f3f9e elementor-widget elementor-widget-text-editor\" data-id=\"e8f3f9e\" data-element_type=\"widget\" data-e-type=\"widget\" data-widget_type=\"text-editor.default\">\n\t\t\t\t\t\t\t\t\t<p>No basta con redactar un PVSO: hay que cumplirlo y actualizarlo. Nos encargamos del seguimiento y cumplimiento de todos los requisitos: indicadores de seguridad, gesti\u00f3n de incidentes, an\u00e1lisis de peligros, control documental y respuesta ante auditor\u00edas. Si surgen nuevos requerimientos de AENA o de la direcci\u00f3n de obra, los gestionamos contigo.<\/p>\t\t\t\t\t\t\t\t<\/div>\n\t\t\t\t<\/div>\n\t\t\t\t<\/div>\n\t\t<div class=\"elementor-element elementor-element-7f7343f e-con-full e-flex e-con e-child\" data-id=\"7f7343f\" data-element_type=\"container\" data-e-type=\"container\" data-settings=\"{&quot;background_background&quot;:&quot;classic&quot;}\">\n\t\t<div class=\"elementor-element elementor-element-bc7bd67 e-con-full e-flex e-con e-child\" data-id=\"bc7bd67\" data-element_type=\"container\" data-e-type=\"container\">\n\t\t\t\t<div class=\"elementor-element elementor-element-a7cc04c elementor-widget elementor-widget-image\" data-id=\"a7cc04c\" data-element_type=\"widget\" data-e-type=\"widget\" data-widget_type=\"image.default\">\n\t\t\t\t\t\t\t\t\t\t\t\t\t\t\t<img decoding=\"async\" width=\"1\" height=\"1\" src=\"https:\/\/formacion.aertecsolutions.com\/wp-content\/uploads\/2025\/10\/Reload.svg\" class=\"attachment-large size-large wp-image-1922\" alt=\"\" \/>\t\t\t\t\t\t\t\t\t\t\t\t\t\t\t<\/div>\n\t\t\t\t<\/div>\n\t\t<div class=\"elementor-element elementor-element-73ecb8d e-con-full e-flex e-con e-child\" data-id=\"73ecb8d\" data-element_type=\"container\" data-e-type=\"container\">\n\t\t\t\t<div class=\"elementor-element elementor-element-5a9c931 elementor-widget elementor-widget-heading\" data-id=\"5a9c931\" data-element_type=\"widget\" data-e-type=\"widget\" data-widget_type=\"heading.default\">\n\t\t\t\t\t<h2 class=\"elementor-heading-title elementor-size-default\">Actualizaciones y adendas<\/h2>\t\t\t\t<\/div>\n\t\t\t\t<div class=\"elementor-element elementor-element-8b5c174 elementor-widget elementor-widget-text-editor\" data-id=\"8b5c174\" data-element_type=\"widget\" data-e-type=\"widget\" data-widget_type=\"text-editor.default\">\n\t\t\t\t\t\t\t\t\t<p>\u00bfHa cambiado el alcance de los trabajos? \u00bfHay nuevas fases de actuaci\u00f3n? Tu PVSO debe reflejarlo. Gestionamos las actualizaciones y adendas necesarias para que el documento est\u00e9 siempre al d\u00eda y cumpla con su funci\u00f3n: proteger las operaciones a\u00e9reas y a tu equipo.<\/p>\t\t\t\t\t\t\t\t<\/div>\n\t\t\t\t<\/div>\n\t\t\t\t<\/div>\n\t\t<div class=\"elementor-element elementor-element-01e2d90 e-con-full e-flex e-con e-child\" data-id=\"01e2d90\" data-element_type=\"container\" data-e-type=\"container\" data-settings=\"{&quot;background_background&quot;:&quot;classic&quot;}\">\n\t\t<div class=\"elementor-element elementor-element-4a31608 e-con-full e-flex e-con e-child\" data-id=\"4a31608\" data-element_type=\"container\" data-e-type=\"container\">\n\t\t\t\t<div class=\"elementor-element elementor-element-048f9c9 elementor-widget elementor-widget-image\" data-id=\"048f9c9\" data-element_type=\"widget\" data-e-type=\"widget\" data-widget_type=\"image.default\">\n\t\t\t\t\t\t\t\t\t\t\t\t\t\t\t<img decoding=\"async\" width=\"1\" height=\"1\" src=\"https:\/\/formacion.aertecsolutions.com\/wp-content\/uploads\/2025\/10\/Capa_1.svg\" class=\"attachment-large size-large wp-image-1921\" alt=\"\" \/>\t\t\t\t\t\t\t\t\t\t\t\t\t\t\t<\/div>\n\t\t\t\t<\/div>\n\t\t<div class=\"elementor-element elementor-element-dd6c212 e-con-full e-flex e-con e-child\" data-id=\"dd6c212\" data-element_type=\"container\" data-e-type=\"container\">\n\t\t\t\t<div class=\"elementor-element elementor-element-c5e7f03 elementor-widget elementor-widget-heading\" data-id=\"c5e7f03\" data-element_type=\"widget\" data-e-type=\"widget\" data-widget_type=\"heading.default\">\n\t\t\t\t\t<h2 class=\"elementor-heading-title elementor-size-default\">Acompa\u00f1amiento experto de principio a fin<\/h2>\t\t\t\t<\/div>\n\t\t\t\t<div class=\"elementor-element elementor-element-5debe28 elementor-widget elementor-widget-text-editor\" data-id=\"5debe28\" data-element_type=\"widget\" data-e-type=\"widget\" data-widget_type=\"text-editor.default\">\n\t\t\t\t\t\t\t\t\t<p>El entorno aeroportuario puede parecer complejo, pero no estar\u00e1s solo. Te guiamos paso a paso, desde la planificaci\u00f3n inicial hasta la finalizaci\u00f3n del servicio. Nos integramos contigo como parte del equipo, asegurando que la seguridad operacional no sea una carga, sino un valor a\u00f1adido.<\/p>\t\t\t\t\t\t\t\t<\/div>\n\t\t\t\t<\/div>\n\t\t\t\t<\/div>\n\t\t\t\t<\/div>\n\t\t<div class=\"elementor-element elementor-element-39a2117 e-con-full e-flex e-con e-child\" data-id=\"39a2117\" data-element_type=\"container\" data-e-type=\"container\">\n\t\t\t\t<div class=\"elementor-element elementor-element-56c4cc1 elementor-widget elementor-widget-text-editor\" data-id=\"56c4cc1\" data-element_type=\"widget\" data-e-type=\"widget\" data-widget_type=\"text-editor.default\">\n\t\t\t\t\t\t\t\t\t<p>\u00bfEst\u00e1s listo para operar con total seguridad y tranquilidad?<\/p>\t\t\t\t\t\t\t\t<\/div>\n\t\t\t\t<div class=\"elementor-element elementor-element-f47dce2 elementor-widget elementor-widget-text-editor\" data-id=\"f47dce2\" data-element_type=\"widget\" data-e-type=\"widget\" data-widget_type=\"text-editor.default\">\n\t\t\t\t\t\t\t\t\t<p>Contacta con nosotros y te ayudamos a despegar.<\/p>\t\t\t\t\t\t\t\t<\/div>\n\t\t\t\t<div class=\"elementor-element elementor-element-10ae84f elementor-align-center elementor-widget elementor-widget-button\" data-id=\"10ae84f\" data-element_type=\"widget\" data-e-type=\"widget\" data-widget_type=\"button.default\">\n\t\t\t\t\t\t\t\t\t\t<a class=\"elementor-button elementor-button-link elementor-size-sm\" href=\"\/en\/contacto\/\">\n\t\t\t\t\t\t<span class=\"elementor-button-content-wrapper\">\n\t\t\t\t\t\t\t\t\t<span class=\"elementor-button-text\">Solicitar presupuesto<\/span>\n\t\t\t\t\t<\/span>\n\t\t\t\t\t<\/a>\n\t\t\t\t\t\t\t\t<\/div>\n\t\t\t\t<\/div>\n\t\t\t\t\t<\/div>\n\t\t\t\t<\/div>\n\t\t\t\t<\/div>","protected":false},"excerpt":{"rendered":"<p>\u00bfNecesitas un PVSO eficaz para tus trabajos en aeropuerto? Nosotros te lo facilitamos. Solicitar presupuesto \u00bfQu\u00e9 es un PVSO? El Plan de Vigilancia de la Seguridad Operacional (PVSO) es un requisito obligatorio en cualquier actividad en lado aire. Si trabajas en el \u00e1rea t\u00e9cnica u operativa: conocer\u00e1s el procedimiento paso a paso para que tu [&hellip;]<\/p>\n","protected":false},"author":2,"featured_media":0,"parent":0,"menu_order":0,"comment_status":"closed","ping_status":"closed","template":"elementor_header_footer","meta":{"footnotes":""},"class_list":["post-1914","page","type-page","status-publish","hentry"],"_links":{"self":[{"href":"https:\/\/formacion.aertecsolutions.com\/en\/wp-json\/wp\/v2\/pages\/1914","targetHints":{"allow":["GET"]}}],"collection":[{"href":"https:\/\/formacion.aertecsolutions.com\/en\/wp-json\/wp\/v2\/pages"}],"about":[{"href":"https:\/\/formacion.aertecsolutions.com\/en\/wp-json\/wp\/v2\/types\/page"}],"author":[{"embeddable":true,"href":"https:\/\/formacion.aertecsolutions.com\/en\/wp-json\/wp\/v2\/users\/2"}],"replies":[{"embeddable":true,"href":"https:\/\/formacion.aertecsolutions.com\/en\/wp-json\/wp\/v2\/comments?post=1914"}],"version-history":[{"count":17,"href":"https:\/\/formacion.aertecsolutions.com\/en\/wp-json\/wp\/v2\/pages\/1914\/revisions"}],"predecessor-version":[{"id":77712,"href":"https:\/\/formacion.aertecsolutions.com\/en\/wp-json\/wp\/v2\/pages\/1914\/revisions\/77712"}],"wp:attachment":[{"href":"https:\/\/formacion.aertecsolutions.com\/en\/wp-json\/wp\/v2\/media?parent=1914"}],"curies":[{"name":"wp","href":"https:\/\/api.w.org\/{rel}","templated":true}]}}