{"id":1462,"date":"2025-09-11T06:42:24","date_gmt":"2025-09-11T06:42:24","guid":{"rendered":"https:\/\/dev.aertecsolutions.com\/?page_id=1462"},"modified":"2026-03-02T11:19:02","modified_gmt":"2026-03-02T11:19:02","slug":"aviso-legal","status":"publish","type":"page","link":"https:\/\/formacion.aertecsolutions.com\/en\/aviso-legal\/","title":{"rendered":"Legal Notice"},"content":{"rendered":"<div data-elementor-type=\"wp-page\" data-elementor-id=\"1462\" class=\"elementor elementor-1462\" data-elementor-post-type=\"page\">\n\t\t\t\t<div class=\"elementor-element elementor-element-eec147a e-flex e-con-boxed e-con e-parent\" data-id=\"eec147a\" data-element_type=\"container\" data-e-type=\"container\" data-settings=\"{&quot;background_background&quot;:&quot;classic&quot;}\">\n\t\t\t\t\t<div class=\"e-con-inner\">\n\t\t<div class=\"elementor-element elementor-element-8a80e31 e-con-full e-flex elementor-invisible e-con e-child\" data-id=\"8a80e31\" data-element_type=\"container\" data-e-type=\"container\" data-settings=\"{&quot;animation&quot;:&quot;fadeIn&quot;}\">\n\t\t\t\t<div class=\"elementor-element elementor-element-4d6bb85 elementor-widget elementor-widget-heading\" data-id=\"4d6bb85\" data-element_type=\"widget\" data-e-type=\"widget\" data-widget_type=\"heading.default\">\n\t\t\t\t\t<h1 class=\"elementor-heading-title elementor-size-default\">Aviso legal<\/h1>\t\t\t\t<\/div>\n\t\t\t\t<\/div>\n\t\t\t\t\t<\/div>\n\t\t\t\t<\/div>\n\t\t<div class=\"elementor-element elementor-element-31dd87f e-flex e-con-boxed e-con e-parent\" data-id=\"31dd87f\" data-element_type=\"container\" data-e-type=\"container\">\n\t\t\t\t\t<div class=\"e-con-inner\">\n\t\t\t\t<div class=\"elementor-element elementor-element-19c6156 elementor-widget elementor-widget-text-editor\" data-id=\"19c6156\" data-element_type=\"widget\" data-e-type=\"widget\" data-widget_type=\"text-editor.default\">\n\t\t\t\t\t\t\t\t\t<p>En cumplimiento de lo previsto en el art\u00edculo 10 de la Ley 34\/2002, de 11 de julio, de Servicios de la Sociedad de la Informaci\u00f3n y Comercio Electr\u00f3nico (LSSICE), se informa al Usuario que la titularidad del sitio web https:\/\/formacion.aertecsolutions.com\/ (en adelante, el \u201cPortal\u201d) corresponde a:<\/p>\t\t\t\t\t\t\t\t<\/div>\n\t\t\t\t<div class=\"elementor-element elementor-element-34c9cfa elementor-widget elementor-widget-text-editor\" data-id=\"34c9cfa\" data-element_type=\"widget\" data-e-type=\"widget\" data-widget_type=\"text-editor.default\">\n\t\t\t\t\t\t\t\t\t<ul><li>AERTEC Solutions S.L. (en adelante, AERTEC)<\/li><li>NIF: B-29869856<\/li><li>Domicilio Social: Avenida Juan L\u00f3pez de Pe\u00f1alver, 17. Parque Tecnol\u00f3gico de Andaluc\u00eda, 29590 M\u00e1laga (SPAIN)<\/li><li>Tel: (+34) 95 10 10 200<\/li><li>Fax: (+34) 952 020 174<\/li><li>Correo electr\u00f3nico: info@aertecsolutions.com<\/li><li>Datos Registrales: Inscrita en el Registro Mercantil de M\u00e1laga, Tomo 2060, Libro 973, Folio 189, Secci\u00f3n 8\u00aa, Hoja MA-30272, Inscripci\u00f3n 1\u00aa<\/li><\/ul>\t\t\t\t\t\t\t\t<\/div>\n\t\t\t\t<div class=\"elementor-element elementor-element-65f57df elementor-widget elementor-widget-heading\" data-id=\"65f57df\" data-element_type=\"widget\" data-e-type=\"widget\" data-widget_type=\"heading.default\">\n\t\t\t\t\t<h4 class=\"elementor-heading-title elementor-size-default\">Objeto<\/h4>\t\t\t\t<\/div>\n\t\t\t\t<div class=\"elementor-element elementor-element-6ad409b elementor-widget elementor-widget-text-editor\" data-id=\"6ad409b\" data-element_type=\"widget\" data-e-type=\"widget\" data-widget_type=\"text-editor.default\">\n\t\t\t\t\t\t\t\t\t<p>A trav\u00e9s del sitio web se ofrece a los Usuarios la posibilidad de acceder a informaci\u00f3n sobre la oferta formativa ofrecida por AERTEC, e informaci\u00f3n corporativa de la Empresa. El acceso a este sitio web o su utilizaci\u00f3n en cualquier forma le otorga la calificaci\u00f3n de \u201cUsuario\u201d e implica la aceptaci\u00f3n sin reservas del presente Aviso Legal. El Usuario deber\u00e1 leer atentamente el contenido del Aviso Legal en cada una de las ocasiones en que se proponga utilizar el Portal, ya que el contenido puede estar sujeto a modificaciones.<\/p><p>Algunos servicios del Portal pueden estar sometidos a condiciones espec\u00edficas que, en su caso, sustituyen, completan y\/o modifican el presente Aviso Legal y deber\u00e1n ser aceptados por el Usuario antes de iniciarse la prestaci\u00f3n del servicio correspondiente.<\/p><p>El acceso general y navegaci\u00f3n a trav\u00e9s del Portal no conlleva registro previo, salvo para aquellas funcionalidades y\/o servicios que as\u00ed lo requieran, en cuyo caso resultar\u00e1 necesario facilitar determinada informaci\u00f3n a trav\u00e9s de los formularios dispuestos al efecto.<\/p>\t\t\t\t\t\t\t\t<\/div>\n\t\t\t\t<div class=\"elementor-element elementor-element-e7aaff9 elementor-widget elementor-widget-heading\" data-id=\"e7aaff9\" data-element_type=\"widget\" data-e-type=\"widget\" data-widget_type=\"heading.default\">\n\t\t\t\t\t<h4 class=\"elementor-heading-title elementor-size-default\">Propiedad industrial e intelectual<\/h4>\t\t\t\t<\/div>\n\t\t\t\t<div class=\"elementor-element elementor-element-452ec43 elementor-widget elementor-widget-text-editor\" data-id=\"452ec43\" data-element_type=\"widget\" data-e-type=\"widget\" data-widget_type=\"text-editor.default\">\n\t\t\t\t\t\t\t\t\t<p>El Usuario reconoce y acepta que todos los contenidos que se muestran en el sitio web y en especial, dise\u00f1os, textos, im\u00e1genes, logos, iconos, botones, software, nombres comerciales, marcas, o cualesquiera otros signos susceptibles de utilizaci\u00f3n industrial y\/o comercial est\u00e1n sujetos a derechos de Propiedad Intelectual y todas las marcas, nombres comerciales o signos distintivos, todos los derechos de propiedad industrial e intelectual, sobre los contenidos y\/o cualesquiera otros elementos insertados en el p\u00e1gina, que son propiedad exclusiva de AERTEC y\/o de terceros, quienes tienen el derecho exclusivo de utilizarlos en el tr\u00e1fico econ\u00f3mico. <br \/><br \/>Por todo ello el Usuario se compromete a no reproducir, copiar, distribuir, poner a disposici\u00f3n o de cualquier otra forma comunicar p\u00fablicamente, transformar o modificar tales contenidos manteniendo indemne a AERTEC de cualquier reclamaci\u00f3n que se derive del incumplimiento de tales obligaciones. En ning\u00fan caso el acceso al Sitio Web implica ning\u00fan tipo de renuncia, transmisi\u00f3n, licencia o cesi\u00f3n total ni parcial de dichos derechos, salvo que se establezca expresamente lo contrario. <br \/><br \/>El presente Aviso Legal no confiere a los Usuarios ning\u00fan otro derecho de utilizaci\u00f3n, alteraci\u00f3n, explotaci\u00f3n, reproducci\u00f3n, distribuci\u00f3n o comunicaci\u00f3n p\u00fablica del Sitio Web y\/o de sus Contenidos distintos de los aqu\u00ed expresamente previstos. Cualquier otro uso o explotaci\u00f3n de cualesquiera derechos estar\u00e1 sujeto a la previa y expresa autorizaci\u00f3n espec\u00edficamente otorgada a tal efecto por AERTEC o el tercero titular de los derechos afectados. <br \/><br \/>Los contenidos, textos, fotograf\u00edas, dise\u00f1os, logotipos, im\u00e1genes, programas de ordenador, c\u00f3digos fuente y, en general, cualquier creaci\u00f3n intelectual existente en este sitio, as\u00ed como el propio sitio en su conjunto, como obra art\u00edstica multimedia, est\u00e1n protegidos como derechos de autor por la legislaci\u00f3n en materia de propiedad intelectual. AERTEC es titular de los elementos que integran el dise\u00f1o gr\u00e1fico del sitio web, lo men\u00fas, botones de navegaci\u00f3n, el c\u00f3digo HTML, los textos, im\u00e1genes, texturas, gr\u00e1ficos y cualquier otro contenido del Sitio Web o, en cualquier caso, dispone de la correspondiente autorizaci\u00f3n para la utilizaci\u00f3n de dichos elementos. <br \/><br \/>Asimismo, queda prohibido suprimir, eludir y\/o manipular el \u00abcopyright\u00bb as\u00ed como los dispositivos t\u00e9cnicos de protecci\u00f3n, o cualesquiera mecanismos de informaci\u00f3n que pudieren contener los contenidos. El Usuario de este Sitio Web se compromete a respetar los derechos enunciados y a evitar cualquier actuaci\u00f3n que pudiera perjudicarlos, reserv\u00e1ndose en todo caso AERTEC el ejercicio de cuantos medios o acciones legales le correspondan en defensa de sus leg\u00edtimos derechos de propiedad intelectual e industrial.<\/p>\t\t\t\t\t\t\t\t<\/div>\n\t\t\t\t<div class=\"elementor-element elementor-element-46e1174 elementor-widget elementor-widget-heading\" data-id=\"46e1174\" data-element_type=\"widget\" data-e-type=\"widget\" data-widget_type=\"heading.default\">\n\t\t\t\t\t<h4 class=\"elementor-heading-title elementor-size-default\">Hiperv\u00ednculos<\/h4>\t\t\t\t<\/div>\n\t\t\t\t<div class=\"elementor-element elementor-element-4b63bb5 elementor-widget elementor-widget-text-editor\" data-id=\"4b63bb5\" data-element_type=\"widget\" data-e-type=\"widget\" data-widget_type=\"text-editor.default\">\n\t\t\t\t\t\t\t\t\t<p>El servicio de acceso al Portal puede incluir enlaces que permiten al Usuario acceder a otras p\u00e1ginas y portales de Internet, ajenos a AERTEC. En estos casos, AERTEC no controla ni es responsable de ninguno de dichos sitios ni de su contenido ya que act\u00faa como prestador de servicios de intermediaci\u00f3n de conformidad con el art\u00edculo 17 de la Ley 34\/2002, de 12 de julio, de Servicios de la Sociedad de la Informaci\u00f3n y el Comercio Electr\u00f3nico (\u201cLSSICE\u201d) siendo \u00fanicamente responsable de los contenidos y servicios suministrados en los enlaces en la medida en que tenga conocimiento efectivo de la ilicitud y no haya desactivado el enlace con la diligencia debida. <br \/><br \/>AERTEC no se hace responsable de las webs ajenas a las que se puede acceder mediante v\u00ednculos (\u00ablinks\u00bb) o de cualquier contenido puesto a disposici\u00f3n por terceros. <br \/><br \/>Cualquier uso de un v\u00ednculo o acceso a una web ajena es realizado por voluntad y riesgo exclusivo del Usuario. AERTEC no recomienda ni garantiza ninguna informaci\u00f3n obtenida por, o a trav\u00e9s de, un v\u00ednculo, ni se responsabiliza de ninguna p\u00e9rdida, reclamaci\u00f3n o perjuicio derivado del uso o mal uso de un v\u00ednculo, o de la informaci\u00f3n obtenida a trav\u00e9s de \u00e9l, incluyendo otros v\u00ednculos o webs, de la interrupci\u00f3n en el servicio o en el acceso, o del intento de usar o usar mal un v\u00ednculo, tanto al acceder al Portal, como al acceder a la informaci\u00f3n de otras webs desde el mismo. El establecimiento de cualquier tipo de enlace desde el Portal a una web ajena no conllevar\u00e1 en ning\u00fan caso la existencia de relaci\u00f3n, colaboraci\u00f3n o dependencia entre AERTEC y el titular de la web ajena. <br \/><br \/>En caso de que AERTEC tenga conocimiento efectivo de que la actividad o la informaci\u00f3n a la que se remite desde dichos enlaces es il\u00edcita, constitutiva de delito o puede lesionar bienes o derechos de un tercero, actuar\u00e1 con la diligencia necesaria para suprimir o inutilizar el enlace correspondiente con la mayor brevedad posible. Asimismo, si el Usuario tuviera conocimiento efectivo de la ilicitud de actividades desarrolladas a trav\u00e9s de estas p\u00e1ginas web de terceros, deber\u00e1n comunicarlo inmediatamente a la Entidad a los efectos de que se proceda a deshabilitar el enlace de acceso a la misma. <br \/><br \/>La reproducci\u00f3n en p\u00e1ginas de terceros de contenidos del Portal, su inclusi\u00f3n como parte de su web o dentro de uno de sus frames o crear un browser, requerir\u00e1 previa autorizaci\u00f3n expresa de AERTEC.<\/p>\t\t\t\t\t\t\t\t<\/div>\n\t\t\t\t<div class=\"elementor-element elementor-element-51a54a0 elementor-widget elementor-widget-heading\" data-id=\"51a54a0\" data-element_type=\"widget\" data-e-type=\"widget\" data-widget_type=\"heading.default\">\n\t\t\t\t\t<h4 class=\"elementor-heading-title elementor-size-default\">Privacidad y tratamiento de datos personales<\/h4>\t\t\t\t<\/div>\n\t\t\t\t<div class=\"elementor-element elementor-element-93acbbd elementor-widget elementor-widget-text-editor\" data-id=\"93acbbd\" data-element_type=\"widget\" data-e-type=\"widget\" data-widget_type=\"text-editor.default\">\n\t\t\t\t\t\t\t\t\t<p>El Usuario puede visitar el presente sitio web sin necesidad de facilitar ning\u00fan dato de car\u00e1cter personal; no obstante, existen diversas opciones de consultas o formularios, en los que se recaban y tratan datos de car\u00e1cter personal. Cuando para el acceso a determinados contenidos o servicios sea necesario facilitar datos de car\u00e1cter personal, los Usuarios garantizar\u00e1n su veracidad, exactitud, autenticidad y vigencia. AERTEC cuenta con procedimientos internos para garantizar el cumplimiento de las obligaciones establecidas en el Reglamento (UE) 2016\/679 del Parlamento Europeo y del Consejo, de 27 de abril de 2016, relativo a la protecci\u00f3n de las personas f\u00edsicas en lo que respecta al tratamiento de datos personales y a la libre circulaci\u00f3n de estos datos (RGPD), as\u00ed como las previsiones de la normativa nacional aplicable en materia de protecci\u00f3n de datos. Puedes consultar toda la informaci\u00f3n sobre c\u00f3mo tratamos los datos recabados a trav\u00e9s del presente sitio web, accediendo a nuestra <a href=\"\/en\/privacidad\/\">Pol\u00edtica de Privacidad.<\/a><\/p>\t\t\t\t\t\t\t\t<\/div>\n\t\t\t\t<div class=\"elementor-element elementor-element-fff2408 elementor-widget elementor-widget-heading\" data-id=\"fff2408\" data-element_type=\"widget\" data-e-type=\"widget\" data-widget_type=\"heading.default\">\n\t\t\t\t\t<h4 class=\"elementor-heading-title elementor-size-default\">Uso de Cookies<\/h4>\t\t\t\t<\/div>\n\t\t\t\t<div class=\"elementor-element elementor-element-74e0e9a elementor-widget elementor-widget-text-editor\" data-id=\"74e0e9a\" data-element_type=\"widget\" data-e-type=\"widget\" data-widget_type=\"text-editor.default\">\n\t\t\t\t\t\t\t\t\t<p>Una cookie es un fichero que se descarga en el equipo del Usuario al acceder a determinadas p\u00e1ginas web. Las cookies permiten a un sitio web, entre otras cosas, almacenar y recuperar informaci\u00f3n sobre los h\u00e1bitos de navegaci\u00f3n de un equipo y, dependiendo de la informaci\u00f3n que contengan, podr\u00edan utilizarse para reconocer al Usuario. Puedes consultar la informaci\u00f3n sobre el tipo de cookies que utilizamos, accediendo a nuestra Pol\u00edtica de Cookies.<\/p>\t\t\t\t\t\t\t\t<\/div>\n\t\t\t\t<div class=\"elementor-element elementor-element-1d7e353 elementor-widget elementor-widget-heading\" data-id=\"1d7e353\" data-element_type=\"widget\" data-e-type=\"widget\" data-widget_type=\"heading.default\">\n\t\t\t\t\t<h4 class=\"elementor-heading-title elementor-size-default\">Responsabilidades<\/h4>\t\t\t\t<\/div>\n\t\t\t\t<div class=\"elementor-element elementor-element-fe61499 elementor-widget elementor-widget-text-editor\" data-id=\"fe61499\" data-element_type=\"widget\" data-e-type=\"widget\" data-widget_type=\"text-editor.default\">\n\t\t\t\t\t\t\t\t\t<p>El Usuario se compromete a hacer un uso adecuado y l\u00edcito del sitio web, as\u00ed como de los contenidos y servicios, de conformidad con:<br \/><br \/>la legislaci\u00f3n aplicable en cada momento;\u00a0<br \/>las Condiciones Generales de Uso del sitio web;\u00a0<br \/>la moral y buenas costumbres generalmente aceptadas y\u00a0<br \/>el orden p\u00fablico.<br \/><br \/>El Usuario deber\u00e1 facilitar informaci\u00f3n veraz al aportar sus datos de car\u00e1cter personal a los formularios contenidos en el Sitio Web y a mantenerlos actualizados en todo momento de forma que responda, en cada momento, a la situaci\u00f3n real del Usuario. El Usuario ser\u00e1 el \u00fanico responsable de las manifestaciones falsas o inexactas que realice y de los perjuicios que cause a AERTEC o a terceros por la informaci\u00f3n que facilite.<br \/><br \/>El Usuario deber\u00e1 asimismo abstenerse de:<br \/>Hacer un uso no autorizado o fraudulento del Sitio Web y\/o de los contenidos con fines o efectos il\u00edcitos, prohibidos en las presentes Condiciones Generales de Uso, lesivos de los derechos e intereses de terceros, o que de cualquier forma puedan da\u00f1ar, inutilizar, sobrecargar, deteriorar o impedir la normal utilizaci\u00f3n de los servicios o los documentos, archivos y toda clase de contenidos almacenados en cualquier equipo inform\u00e1tico.<br \/>Provocar da\u00f1os en los sistemas f\u00edsicos o l\u00f3gicos del Sitio Web, de sus proveedores o de terceros.<br \/>Introducir o difundir en la red virus inform\u00e1ticos o cualesquiera otros sistemas f\u00edsicos o l\u00f3gicos que sean susceptibles de provocar da\u00f1os en los sistemas f\u00edsicos o l\u00f3gicos de AERTEC de sus proveedores o de terceros.<br \/>Intentar acceder, utilizar y\/o manipular los datos de AERTEC, terceros proveedores y otros Usuarios.<br \/>Reproducir o copiar, distribuir, permitir el acceso del p\u00fablico a trav\u00e9s de cualquier modalidad de comunicaci\u00f3n p\u00fablica, transformar o modificar los contenidos, a menos que se cuente con la autorizaci\u00f3n del titular de los correspondientes derechos o ello resulte legalmente permitido.<br \/>Suprimir, ocultar o manipular las notas sobre derechos de propiedad intelectual o industrial y dem\u00e1s datos identificativos de los derechos de AERTEC o de terceros incorporados a los contenidos, as\u00ed como los dispositivos t\u00e9cnicos de protecci\u00f3n o cualesquiera mecanismos de informaci\u00f3n que puedan insertarse en los contenidos.<br \/><br \/>Si para acceder a algunos de los servicios y\/o contenidos del sitio web, se generase alg\u00fan tipo de credencial o contrase\u00f1a, el Usuario se compromete a usarla de manera diligente, manteni\u00e9ndola en todo momento en secreto. En consecuencia, ser\u00e1 responsable de su adecuada custodia y confidencialidad, comprometi\u00e9ndose a no cederla a terceros, de manera temporal o permanente, ni a permitir el acceso a los mencionados servicios y\/o contenidos por parte de personas ajenas. Igualmente, se obliga a notificar a AERTEC cualquier hecho que pueda suponer un uso indebido de su contrase\u00f1a, como, a t\u00edtulo enunciativo, su robo, extrav\u00edo o el acceso no autorizado, con el fin de proceder a su inmediata cancelaci\u00f3n. En consecuencia, mientras no efect\u00fae la notificaci\u00f3n anterior, AERTEC quedar\u00e1 eximida de cualquier responsabilidad que pudiera derivarse del uso indebido de su contrase\u00f1a, siendo de su responsabilidad cualquier utilizaci\u00f3n il\u00edcita de los contenidos y\/o servicios del Sitio Web por cualquier tercero ileg\u00edtimo.<br \/><br \/>AERTEC no ser\u00e1 responsable en caso de imposibilidad de prestar el servicio, si la causa se debe a interrupciones prolongadas del suministro el\u00e9ctrico, l\u00edneas de telecomunicaciones, conflictos sociales, huelgas, rebeli\u00f3n, explosiones, inundaciones, actos y omisiones del gobierno, y en general todos los supuestos de fuerza mayor o de caso fortuito.<\/p>\t\t\t\t\t\t\t\t<\/div>\n\t\t\t\t<div class=\"elementor-element elementor-element-fa7c400 elementor-widget elementor-widget-heading\" data-id=\"fa7c400\" data-element_type=\"widget\" data-e-type=\"widget\" data-widget_type=\"heading.default\">\n\t\t\t\t\t<h4 class=\"elementor-heading-title elementor-size-default\">Seguridad<\/h4>\t\t\t\t<\/div>\n\t\t\t\t<div class=\"elementor-element elementor-element-8d44a80 elementor-widget elementor-widget-text-editor\" data-id=\"8d44a80\" data-element_type=\"widget\" data-e-type=\"widget\" data-widget_type=\"text-editor.default\">\n\t\t\t\t\t\t\t\t\t<p>AERTEC utiliza tecnolog\u00edas adecuadas al estado de la t\u00e9cnica actual, para proteger sus datos e informaciones personales y nuestra p\u00e1gina web se almacena en servidores seguros protegidos contra los tipos de ataques m\u00e1s habituales. AERTEC ha adoptado las medidas de \u00edndole t\u00e9cnica y organizativa que garantizan la seguridad de los datos de car\u00e1cter personal y evitan su alteraci\u00f3n, p\u00e9rdida, tratamiento o acceso no autorizado, habida cuenta del estado de la tecnolog\u00eda, la naturaleza de los datos almacenados y los riesgos a que est\u00e9n expuestos.<\/p>\t\t\t\t\t\t\t\t<\/div>\n\t\t\t\t<div class=\"elementor-element elementor-element-53a25db elementor-widget elementor-widget-heading\" data-id=\"53a25db\" data-element_type=\"widget\" data-e-type=\"widget\" data-widget_type=\"heading.default\">\n\t\t\t\t\t<h4 class=\"elementor-heading-title elementor-size-default\">Modificaci\u00f3n de la informaci\u00f3n<\/h4>\t\t\t\t<\/div>\n\t\t\t\t<div class=\"elementor-element elementor-element-79b795d elementor-widget elementor-widget-text-editor\" data-id=\"79b795d\" data-element_type=\"widget\" data-e-type=\"widget\" data-widget_type=\"text-editor.default\">\n\t\t\t\t\t\t\t\t\t<p>AERTEC se reserva el derecho de ampliar, modificar, sustituir y\/o cancelar nuestros Servicios y\/o los t\u00e9rminos del presente Aviso Legal, sin aviso previo y sin que d\u00e9 lugar a responsabilidad o indemnizaci\u00f3n alguna por parte de AERTEC, siempre que ello no afecte a las condiciones sustanciales del servicio prestado, en cuyo caso le informaremos sobre los cambios que se hayan producido mediante email a la direcci\u00f3n de correo electr\u00f3nico proporcionada durante el registro.<\/p>\t\t\t\t\t\t\t\t<\/div>\n\t\t\t\t<div class=\"elementor-element elementor-element-7fe683e elementor-widget elementor-widget-heading\" data-id=\"7fe683e\" data-element_type=\"widget\" data-e-type=\"widget\" data-widget_type=\"heading.default\">\n\t\t\t\t\t<h4 class=\"elementor-heading-title elementor-size-default\">Resoluci\u00f3n de controversias. Ley aplicable y jurisdicci\u00f3n<\/h4>\t\t\t\t<\/div>\n\t\t\t\t<div class=\"elementor-element elementor-element-eab5e57 elementor-widget elementor-widget-text-editor\" data-id=\"eab5e57\" data-element_type=\"widget\" data-e-type=\"widget\" data-widget_type=\"text-editor.default\">\n\t\t\t\t\t\t\t\t\t<p>Para la resoluci\u00f3n de todas las controversias o cuestiones relacionadas con el presente sitio web o de las actividades en \u00e9l desarrolladas, ser\u00e1 de aplicaci\u00f3n la legislaci\u00f3n espa\u00f1ola, a la que se someten expresamente las partes, siendo competentes para la resoluci\u00f3n de todos los conflictos derivados o relacionados con su uso los Juzgados y Tribunales de la ciudad de M\u00e1laga, salvo que el usuario tenga la condici\u00f3n de consumidor, en cuyo caso ser\u00e1n competentes los Juzgados y Tribunales del domicilio del consumidor.<\/p>\t\t\t\t\t\t\t\t<\/div>\n\t\t\t\t<div class=\"elementor-element elementor-element-e17cb3d elementor-widget elementor-widget-text-editor\" data-id=\"e17cb3d\" data-element_type=\"widget\" data-e-type=\"widget\" data-widget_type=\"text-editor.default\">\n\t\t\t\t\t\t\t\t\t<p>Fecha de la \u00faltima actualizaci\u00f3n: agosto de 2025.<\/p>\t\t\t\t\t\t\t\t<\/div>\n\t\t\t\t\t<\/div>\n\t\t\t\t<\/div>\n\t\t\t\t<\/div>","protected":false},"excerpt":{"rendered":"<p>Aviso legal En cumplimiento de lo previsto en el art\u00edculo 10 de la Ley 34\/2002, de 11 de julio, de Servicios de la Sociedad de la Informaci\u00f3n y Comercio Electr\u00f3nico (LSSICE), se informa al Usuario que la titularidad del sitio web https:\/\/formacion.aertecsolutions.com\/ (en adelante, el \u201cPortal\u201d) corresponde a: AERTEC Solutions S.L. (en adelante, AERTEC) NIF: [&hellip;]<\/p>\n","protected":false},"author":2,"featured_media":0,"parent":0,"menu_order":0,"comment_status":"closed","ping_status":"closed","template":"elementor_header_footer","meta":{"footnotes":""},"class_list":["post-1462","page","type-page","status-publish","hentry"],"_links":{"self":[{"href":"https:\/\/formacion.aertecsolutions.com\/en\/wp-json\/wp\/v2\/pages\/1462","targetHints":{"allow":["GET"]}}],"collection":[{"href":"https:\/\/formacion.aertecsolutions.com\/en\/wp-json\/wp\/v2\/pages"}],"about":[{"href":"https:\/\/formacion.aertecsolutions.com\/en\/wp-json\/wp\/v2\/types\/page"}],"author":[{"embeddable":true,"href":"https:\/\/formacion.aertecsolutions.com\/en\/wp-json\/wp\/v2\/users\/2"}],"replies":[{"embeddable":true,"href":"https:\/\/formacion.aertecsolutions.com\/en\/wp-json\/wp\/v2\/comments?post=1462"}],"version-history":[{"count":10,"href":"https:\/\/formacion.aertecsolutions.com\/en\/wp-json\/wp\/v2\/pages\/1462\/revisions"}],"predecessor-version":[{"id":1478,"href":"https:\/\/formacion.aertecsolutions.com\/en\/wp-json\/wp\/v2\/pages\/1462\/revisions\/1478"}],"wp:attachment":[{"href":"https:\/\/formacion.aertecsolutions.com\/en\/wp-json\/wp\/v2\/media?parent=1462"}],"curies":[{"name":"wp","href":"https:\/\/api.w.org\/{rel}","templated":true}]}}